{"id":6787,"date":"2025-07-23T07:30:24","date_gmt":"2025-07-23T07:30:24","guid":{"rendered":"https:\/\/daensport.com\/?post_type=product&#038;p=6787"},"modified":"2025-09-12T17:24:53","modified_gmt":"2025-09-12T17:24:53","slug":"camiseta-personalizada-sublimacion-fullprint","status":"publish","type":"product","link":"https:\/\/daensport.com\/en\/producto\/camiseta-personalizada-sublimacion-fullprint\/","title":{"rendered":"Camiseta Personalizada Sublimacion FullPrint"},"content":{"rendered":"<h3>Camiseta Personalizada Sublimaci\u00f3n FullPrint<\/h3>\n<p>Nuestra camiseta de algod\u00f3n premium es la base perfecta para tus camiseta personalizada en Sublimaci\u00f3n FullPrint.<\/p>\n<p>Utiliza nuestra APP WEB donde puedes agregar logos, im\u00e1genes, textos o gr\u00e1ficos y comprar tu camiseta personalizada en FullPrint de forma r\u00e1pida y sencilla.<\/p>\n<p>Fabricada con poli\u00e9ster de alta calidad, garantiza durabilidad y comodidad, ideal tanto para uso personal como profesional.<\/p>\n<p>\u00a1Escoge el dise\u00f1o que m\u00e1s te guste y empieza crear una prenda \u00fanica!<\/p>\n","protected":false},"excerpt":{"rendered":"<p>Dise\u00f1a y compra tu camiseta personalizada ya mismo, sin esperas.<\/p>\n<ul>\n<li>Tejido 100% Poli\u00e9ster de alta calidad.<\/li>\n<li>Gran cantidad de dise\u00f1os para escoger el que m\u00e1s te guste<\/li>\n<li>Colores Infinitos. Y posibilidad de &#8220;fluors&#8221; (amarillo, verde, naranja y rosa).<\/li>\n<li>Camiseta totalmente personalizable en el todas sus \u00e1reas.<\/li>\n<li>C\u00f3moda y resistente, ideal para uso diario.<\/li>\n<\/ul>\n","protected":false},"featured_media":5302,"template":"","meta":{"_acf_changed":false},"product_brand":[],"product_cat":[89,20,29,18,15,19,22],"product_tag":[265,86],"class_list":{"0":"post-6787","1":"product","2":"type-product","3":"status-publish","4":"has-post-thumbnail","6":"product_cat-camiseta-b","7":"product_cat-futbol-1","8":"product_cat-mas-deportes-1","9":"product_cat-multideporte-1","10":"product_cat-otros-productos","11":"product_cat-uniformes","12":"product_cat-voleibol-1","13":"product_tag-custom-fullprint","14":"product_tag-fullprint","15":"product_shipping_class-bag-1kg","17":"first","18":"instock","19":"taxable","20":"shipping-taxable","21":"purchasable","22":"product-type-variable"},"acf":[],"yoast_head":"<!-- This site is optimized with the Yoast SEO plugin v27.3 - https:\/\/yoast.com\/product\/yoast-seo-wordpress\/ -->\n<title>Camiseta Personalizada Sublimacion FullPrint - Daen Sport<\/title>\n<meta name=\"robots\" content=\"index, follow, max-snippet:-1, max-image-preview:large, max-video-preview:-1\" \/>\n<link rel=\"canonical\" href=\"https:\/\/daensport.com\/en\/producto\/camiseta-personalizada-sublimacion-fullprint\/\" \/>\n<meta property=\"og:locale\" content=\"en_US\" \/>\n<meta property=\"og:type\" content=\"article\" \/>\n<meta property=\"og:title\" content=\"Camiseta Personalizada Sublimacion FullPrint - Daen Sport\" \/>\n<meta property=\"og:description\" content=\"Dise\u00f1a y compra tu camiseta personalizada ya mismo, sin esperas.   Tejido 100% Poli\u00e9ster de alta calidad.  Gran cantidad de dise\u00f1os para escoger el que m\u00e1s te guste  Colores Infinitos. Y posibilidad de &quot;fluors&quot; (amarillo, verde, naranja y rosa).  Camiseta totalmente personalizable en el todas sus \u00e1reas.  C\u00f3moda y resistente, ideal para uso diario.\" \/>\n<meta property=\"og:url\" content=\"https:\/\/daensport.com\/en\/producto\/camiseta-personalizada-sublimacion-fullprint\/\" \/>\n<meta property=\"og:site_name\" content=\"Daen Sport\" \/>\n<meta property=\"article:publisher\" content=\"https:\/\/www.facebook.com\/pages\/Daen-Sport\" \/>\n<meta property=\"article:modified_time\" content=\"2025-09-12T17:24:53+00:00\" \/>\n<meta property=\"og:image\" content=\"https:\/\/daensport.com\/wp-content\/uploads\/2024\/08\/Camiseta-CS1-FullPrint.png\" \/>\n\t<meta property=\"og:image:width\" content=\"240\" \/>\n\t<meta property=\"og:image:height\" content=\"264\" \/>\n\t<meta property=\"og:image:type\" content=\"image\/png\" \/>\n<meta name=\"twitter:card\" content=\"summary_large_image\" \/>\n<meta name=\"twitter:label1\" content=\"Est. reading time\" \/>\n\t<meta name=\"twitter:data1\" content=\"1 minute\" \/>\n<script type=\"application\/ld+json\" class=\"yoast-schema-graph\">{\"@context\":\"https:\\\/\\\/schema.org\",\"@graph\":[{\"@type\":\"WebPage\",\"@id\":\"https:\\\/\\\/daensport.com\\\/en\\\/producto\\\/camiseta-personalizada-sublimacion-fullprint\\\/\",\"url\":\"https:\\\/\\\/daensport.com\\\/en\\\/producto\\\/camiseta-personalizada-sublimacion-fullprint\\\/\",\"name\":\"Camiseta Personalizada Sublimacion FullPrint - Daen Sport\",\"isPartOf\":{\"@id\":\"https:\\\/\\\/daensport.com\\\/en\\\/#website\"},\"primaryImageOfPage\":{\"@id\":\"https:\\\/\\\/daensport.com\\\/en\\\/producto\\\/camiseta-personalizada-sublimacion-fullprint\\\/#primaryimage\"},\"image\":{\"@id\":\"https:\\\/\\\/daensport.com\\\/en\\\/producto\\\/camiseta-personalizada-sublimacion-fullprint\\\/#primaryimage\"},\"thumbnailUrl\":\"https:\\\/\\\/daensport.com\\\/wp-content\\\/uploads\\\/2024\\\/08\\\/Camiseta-CS1-FullPrint.png\",\"datePublished\":\"2025-07-23T07:30:24+00:00\",\"dateModified\":\"2025-09-12T17:24:53+00:00\",\"breadcrumb\":{\"@id\":\"https:\\\/\\\/daensport.com\\\/en\\\/producto\\\/camiseta-personalizada-sublimacion-fullprint\\\/#breadcrumb\"},\"inLanguage\":\"en-US\",\"potentialAction\":[{\"@type\":\"ReadAction\",\"target\":[\"https:\\\/\\\/daensport.com\\\/en\\\/producto\\\/camiseta-personalizada-sublimacion-fullprint\\\/\"]}]},{\"@type\":\"ImageObject\",\"inLanguage\":\"en-US\",\"@id\":\"https:\\\/\\\/daensport.com\\\/en\\\/producto\\\/camiseta-personalizada-sublimacion-fullprint\\\/#primaryimage\",\"url\":\"https:\\\/\\\/daensport.com\\\/wp-content\\\/uploads\\\/2024\\\/08\\\/Camiseta-CS1-FullPrint.png\",\"contentUrl\":\"https:\\\/\\\/daensport.com\\\/wp-content\\\/uploads\\\/2024\\\/08\\\/Camiseta-CS1-FullPrint.png\",\"width\":240,\"height\":264},{\"@type\":\"BreadcrumbList\",\"@id\":\"https:\\\/\\\/daensport.com\\\/en\\\/producto\\\/camiseta-personalizada-sublimacion-fullprint\\\/#breadcrumb\",\"itemListElement\":[{\"@type\":\"ListItem\",\"position\":1,\"name\":\"Homepage\",\"item\":\"https:\\\/\\\/daensport.com\\\/en\\\/\"},{\"@type\":\"ListItem\",\"position\":2,\"name\":\"Store\",\"item\":\"https:\\\/\\\/daensport.com\\\/en\\\/store\\\/\"},{\"@type\":\"ListItem\",\"position\":3,\"name\":\"Camiseta Personalizada Sublimacion FullPrint\"}]},{\"@type\":\"WebSite\",\"@id\":\"https:\\\/\\\/daensport.com\\\/en\\\/#website\",\"url\":\"https:\\\/\\\/daensport.com\\\/en\\\/\",\"name\":\"Daen Sport\",\"description\":\"Fabricamos tu ropa personalizada y exclusiva. 100% Made in Spain.\",\"publisher\":{\"@id\":\"https:\\\/\\\/daensport.com\\\/en\\\/#organization\"},\"potentialAction\":[{\"@type\":\"SearchAction\",\"target\":{\"@type\":\"EntryPoint\",\"urlTemplate\":\"https:\\\/\\\/daensport.com\\\/en\\\/?s={search_term_string}\"},\"query-input\":{\"@type\":\"PropertyValueSpecification\",\"valueRequired\":true,\"valueName\":\"search_term_string\"}}],\"inLanguage\":\"en-US\"},{\"@type\":\"Organization\",\"@id\":\"https:\\\/\\\/daensport.com\\\/en\\\/#organization\",\"name\":\"Daen Sport\",\"url\":\"https:\\\/\\\/daensport.com\\\/en\\\/\",\"logo\":{\"@type\":\"ImageObject\",\"inLanguage\":\"en-US\",\"@id\":\"https:\\\/\\\/daensport.com\\\/en\\\/#\\\/schema\\\/logo\\\/image\\\/\",\"url\":\"https:\\\/\\\/daensport.com\\\/wp-content\\\/uploads\\\/2021\\\/08\\\/favicon.png\",\"contentUrl\":\"https:\\\/\\\/daensport.com\\\/wp-content\\\/uploads\\\/2021\\\/08\\\/favicon.png\",\"width\":42,\"height\":42,\"caption\":\"Daen Sport\"},\"image\":{\"@id\":\"https:\\\/\\\/daensport.com\\\/en\\\/#\\\/schema\\\/logo\\\/image\\\/\"},\"sameAs\":[\"https:\\\/\\\/www.facebook.com\\\/pages\\\/Daen-Sport\",\"https:\\\/\\\/www.instagram.com\\\/daensport\"]}]}<\/script>\n<!-- \/ Yoast SEO plugin. -->","yoast_head_json":{"title":"Camiseta Personalizada Sublimacion FullPrint - Daen Sport","robots":{"index":"index","follow":"follow","max-snippet":"max-snippet:-1","max-image-preview":"max-image-preview:large","max-video-preview":"max-video-preview:-1"},"canonical":"https:\/\/daensport.com\/en\/producto\/camiseta-personalizada-sublimacion-fullprint\/","og_locale":"en_US","og_type":"article","og_title":"Camiseta Personalizada Sublimacion FullPrint - Daen Sport","og_description":"Dise\u00f1a y compra tu camiseta personalizada ya mismo, sin esperas.   Tejido 100% Poli\u00e9ster de alta calidad.  Gran cantidad de dise\u00f1os para escoger el que m\u00e1s te guste  Colores Infinitos. Y posibilidad de \"fluors\" (amarillo, verde, naranja y rosa).  Camiseta totalmente personalizable en el todas sus \u00e1reas.  C\u00f3moda y resistente, ideal para uso diario.","og_url":"https:\/\/daensport.com\/en\/producto\/camiseta-personalizada-sublimacion-fullprint\/","og_site_name":"Daen Sport","article_publisher":"https:\/\/www.facebook.com\/pages\/Daen-Sport","article_modified_time":"2025-09-12T17:24:53+00:00","og_image":[{"width":240,"height":264,"url":"https:\/\/daensport.com\/wp-content\/uploads\/2024\/08\/Camiseta-CS1-FullPrint.png","type":"image\/png"}],"twitter_card":"summary_large_image","twitter_misc":{"Est. reading time":"1 minute"},"schema":{"@context":"https:\/\/schema.org","@graph":[{"@type":"WebPage","@id":"https:\/\/daensport.com\/en\/producto\/camiseta-personalizada-sublimacion-fullprint\/","url":"https:\/\/daensport.com\/en\/producto\/camiseta-personalizada-sublimacion-fullprint\/","name":"Camiseta Personalizada Sublimacion FullPrint - Daen Sport","isPartOf":{"@id":"https:\/\/daensport.com\/en\/#website"},"primaryImageOfPage":{"@id":"https:\/\/daensport.com\/en\/producto\/camiseta-personalizada-sublimacion-fullprint\/#primaryimage"},"image":{"@id":"https:\/\/daensport.com\/en\/producto\/camiseta-personalizada-sublimacion-fullprint\/#primaryimage"},"thumbnailUrl":"https:\/\/daensport.com\/wp-content\/uploads\/2024\/08\/Camiseta-CS1-FullPrint.png","datePublished":"2025-07-23T07:30:24+00:00","dateModified":"2025-09-12T17:24:53+00:00","breadcrumb":{"@id":"https:\/\/daensport.com\/en\/producto\/camiseta-personalizada-sublimacion-fullprint\/#breadcrumb"},"inLanguage":"en-US","potentialAction":[{"@type":"ReadAction","target":["https:\/\/daensport.com\/en\/producto\/camiseta-personalizada-sublimacion-fullprint\/"]}]},{"@type":"ImageObject","inLanguage":"en-US","@id":"https:\/\/daensport.com\/en\/producto\/camiseta-personalizada-sublimacion-fullprint\/#primaryimage","url":"https:\/\/daensport.com\/wp-content\/uploads\/2024\/08\/Camiseta-CS1-FullPrint.png","contentUrl":"https:\/\/daensport.com\/wp-content\/uploads\/2024\/08\/Camiseta-CS1-FullPrint.png","width":240,"height":264},{"@type":"BreadcrumbList","@id":"https:\/\/daensport.com\/en\/producto\/camiseta-personalizada-sublimacion-fullprint\/#breadcrumb","itemListElement":[{"@type":"ListItem","position":1,"name":"Homepage","item":"https:\/\/daensport.com\/en\/"},{"@type":"ListItem","position":2,"name":"Store","item":"https:\/\/daensport.com\/en\/store\/"},{"@type":"ListItem","position":3,"name":"Camiseta Personalizada Sublimacion FullPrint"}]},{"@type":"WebSite","@id":"https:\/\/daensport.com\/en\/#website","url":"https:\/\/daensport.com\/en\/","name":"Daen Sport","description":"Fabricamos tu ropa personalizada y exclusiva. 100% Made in Spain.","publisher":{"@id":"https:\/\/daensport.com\/en\/#organization"},"potentialAction":[{"@type":"SearchAction","target":{"@type":"EntryPoint","urlTemplate":"https:\/\/daensport.com\/en\/?s={search_term_string}"},"query-input":{"@type":"PropertyValueSpecification","valueRequired":true,"valueName":"search_term_string"}}],"inLanguage":"en-US"},{"@type":"Organization","@id":"https:\/\/daensport.com\/en\/#organization","name":"Daen Sport","url":"https:\/\/daensport.com\/en\/","logo":{"@type":"ImageObject","inLanguage":"en-US","@id":"https:\/\/daensport.com\/en\/#\/schema\/logo\/image\/","url":"https:\/\/daensport.com\/wp-content\/uploads\/2021\/08\/favicon.png","contentUrl":"https:\/\/daensport.com\/wp-content\/uploads\/2021\/08\/favicon.png","width":42,"height":42,"caption":"Daen Sport"},"image":{"@id":"https:\/\/daensport.com\/en\/#\/schema\/logo\/image\/"},"sameAs":["https:\/\/www.facebook.com\/pages\/Daen-Sport","https:\/\/www.instagram.com\/daensport"]}]}},"_links":{"self":[{"href":"https:\/\/daensport.com\/en\/wp-json\/wp\/v2\/product\/6787","targetHints":{"allow":["GET"]}}],"collection":[{"href":"https:\/\/daensport.com\/en\/wp-json\/wp\/v2\/product"}],"about":[{"href":"https:\/\/daensport.com\/en\/wp-json\/wp\/v2\/types\/product"}],"wp:featuredmedia":[{"embeddable":true,"href":"https:\/\/daensport.com\/en\/wp-json\/wp\/v2\/media\/5302"}],"wp:attachment":[{"href":"https:\/\/daensport.com\/en\/wp-json\/wp\/v2\/media?parent=6787"}],"wp:term":[{"taxonomy":"product_brand","embeddable":true,"href":"https:\/\/daensport.com\/en\/wp-json\/wp\/v2\/product_brand?post=6787"},{"taxonomy":"product_cat","embeddable":true,"href":"https:\/\/daensport.com\/en\/wp-json\/wp\/v2\/product_cat?post=6787"},{"taxonomy":"product_tag","embeddable":true,"href":"https:\/\/daensport.com\/en\/wp-json\/wp\/v2\/product_tag?post=6787"}],"curies":[{"name":"wp","href":"https:\/\/api.w.org\/{rel}","templated":true}]}}