{"id":6512,"date":"2025-04-07T13:33:38","date_gmt":"2025-04-07T13:33:38","guid":{"rendered":"https:\/\/daensport.com\/?post_type=product&#038;p=6512"},"modified":"2025-11-12T19:40:44","modified_gmt":"2025-11-12T19:40:44","slug":"gorra-msi-racing-team-2025-clasica","status":"publish","type":"product","link":"https:\/\/daensport.com\/en\/producto\/gorra-msi-racing-team-2025-clasica\/","title":{"rendered":"Gorra MSI Racing Team 2025 estilo cl\u00e1sico"},"content":{"rendered":"<h3>Gorra estilo Clasico Oficial MSI Racing Team 2025<\/h3>\n<p>Gorra oficial del equipo <em><strong>MSI Racing Team <\/strong><\/em>es el accesorio perfecto para los seguidores del equipo y sus pilotos <em><strong>Iv\u00e1n Ortol\u00e1 #4,<\/strong><\/em>\u00a0<em><strong>\u00c1ngel Piqueras #36, Ryusei Yamanaka #6.<\/strong><\/em><\/p>\n<p>Fabricada en materiales de alta calidad y con logotipo bordado es el complemento ideal para cualquier momento.<\/p>\n<p>A\u00f1\u00e1delo a tu colecci\u00f3n y muestra tu pasi\u00f3n por el motociclismo.<\/p>\n","protected":false},"excerpt":{"rendered":"<p>Gorra estilo Clasico Oficial MSI Racing Team 2025 Gorra oficial del equipo MSI Racing Team es el accesorio perfecto para &hellip; <a href=\"https:\/\/daensport.com\/en\/producto\/gorra-msi-racing-team-2025-clasica\/\" class=\"more-link\">Continue reading <span class=\"screen-reader-text\">Gorra MSI Racing Team 2025 estilo cl\u00e1sico<\/span><\/a><\/p>\n","protected":false},"featured_media":6894,"template":"","meta":{"_acf_changed":false},"product_brand":[],"product_cat":[72,17,15,28,37],"product_tag":[260,96,164,120,87,261],"class_list":{"0":"post-6512","1":"product","2":"type-product","3":"status-publish","4":"has-post-thumbnail","6":"product_cat-motogp","7":"product_cat-motor-1","8":"product_cat-otros-productos","9":"product_cat-x-casual-1","10":"product_cat-x-merchandising-1","11":"product_tag-260","12":"product_tag-bordado","13":"product_tag-casual","14":"product_tag-gorra","15":"product_tag-motogp","16":"product_tag-msi","17":"product_shipping_class-bag-1kg","19":"first","20":"instock","21":"taxable","22":"shipping-taxable","23":"purchasable","24":"product-type-simple"},"acf":[],"yoast_head":"<!-- This site is optimized with the Yoast SEO plugin v27.4 - https:\/\/yoast.com\/product\/yoast-seo-wordpress\/ -->\n<title>Gorra MSI Racing Team 2025 estilo cl\u00e1sico - Daen Sport<\/title>\n<meta name=\"robots\" content=\"index, follow, max-snippet:-1, max-image-preview:large, max-video-preview:-1\" \/>\n<link rel=\"canonical\" href=\"https:\/\/daensport.com\/en\/producto\/gorra-msi-racing-team-2025-clasica\/\" \/>\n<meta property=\"og:locale\" content=\"en_US\" \/>\n<meta property=\"og:type\" content=\"article\" \/>\n<meta property=\"og:title\" content=\"Gorra MSI Racing Team 2025 estilo cl\u00e1sico - Daen Sport\" \/>\n<meta property=\"og:description\" content=\"Gorra estilo Clasico Oficial MSI Racing Team 2025 Gorra oficial del equipo MSI Racing Team es el accesorio perfecto para &hellip; Continue reading Gorra MSI Racing Team 2025 estilo cl\u00e1sico\" \/>\n<meta property=\"og:url\" content=\"https:\/\/daensport.com\/en\/producto\/gorra-msi-racing-team-2025-clasica\/\" \/>\n<meta property=\"og:site_name\" content=\"Daen Sport\" \/>\n<meta property=\"article:publisher\" content=\"https:\/\/www.facebook.com\/pages\/Daen-Sport\" \/>\n<meta property=\"article:modified_time\" content=\"2025-11-12T19:40:44+00:00\" \/>\n<meta property=\"og:image\" content=\"https:\/\/daensport.com\/wp-content\/uploads\/2025\/04\/Gorra-Clasica-MSI-Racing-Team-2025-1.png\" \/>\n\t<meta property=\"og:image:width\" content=\"737\" \/>\n\t<meta property=\"og:image:height\" content=\"1000\" \/>\n\t<meta property=\"og:image:type\" content=\"image\/png\" \/>\n<meta name=\"twitter:card\" content=\"summary_large_image\" \/>\n<meta name=\"twitter:label1\" content=\"Est. reading time\" \/>\n\t<meta name=\"twitter:data1\" content=\"1 minute\" \/>\n<script type=\"application\/ld+json\" class=\"yoast-schema-graph\">{\"@context\":\"https:\\\/\\\/schema.org\",\"@graph\":[{\"@type\":\"WebPage\",\"@id\":\"https:\\\/\\\/daensport.com\\\/en\\\/producto\\\/gorra-msi-racing-team-2025-clasica\\\/\",\"url\":\"https:\\\/\\\/daensport.com\\\/en\\\/producto\\\/gorra-msi-racing-team-2025-clasica\\\/\",\"name\":\"Gorra MSI Racing Team 2025 estilo cl\u00e1sico - Daen Sport\",\"isPartOf\":{\"@id\":\"https:\\\/\\\/daensport.com\\\/en\\\/#website\"},\"primaryImageOfPage\":{\"@id\":\"https:\\\/\\\/daensport.com\\\/en\\\/producto\\\/gorra-msi-racing-team-2025-clasica\\\/#primaryimage\"},\"image\":{\"@id\":\"https:\\\/\\\/daensport.com\\\/en\\\/producto\\\/gorra-msi-racing-team-2025-clasica\\\/#primaryimage\"},\"thumbnailUrl\":\"https:\\\/\\\/daensport.com\\\/wp-content\\\/uploads\\\/2025\\\/04\\\/Gorra-Clasica-MSI-Racing-Team-2025-1.png\",\"datePublished\":\"2025-04-07T13:33:38+00:00\",\"dateModified\":\"2025-11-12T19:40:44+00:00\",\"breadcrumb\":{\"@id\":\"https:\\\/\\\/daensport.com\\\/en\\\/producto\\\/gorra-msi-racing-team-2025-clasica\\\/#breadcrumb\"},\"inLanguage\":\"en-US\",\"potentialAction\":[{\"@type\":\"ReadAction\",\"target\":[\"https:\\\/\\\/daensport.com\\\/en\\\/producto\\\/gorra-msi-racing-team-2025-clasica\\\/\"]}]},{\"@type\":\"ImageObject\",\"inLanguage\":\"en-US\",\"@id\":\"https:\\\/\\\/daensport.com\\\/en\\\/producto\\\/gorra-msi-racing-team-2025-clasica\\\/#primaryimage\",\"url\":\"https:\\\/\\\/daensport.com\\\/wp-content\\\/uploads\\\/2025\\\/04\\\/Gorra-Clasica-MSI-Racing-Team-2025-1.png\",\"contentUrl\":\"https:\\\/\\\/daensport.com\\\/wp-content\\\/uploads\\\/2025\\\/04\\\/Gorra-Clasica-MSI-Racing-Team-2025-1.png\",\"width\":737,\"height\":1000},{\"@type\":\"BreadcrumbList\",\"@id\":\"https:\\\/\\\/daensport.com\\\/en\\\/producto\\\/gorra-msi-racing-team-2025-clasica\\\/#breadcrumb\",\"itemListElement\":[{\"@type\":\"ListItem\",\"position\":1,\"name\":\"Homepage\",\"item\":\"https:\\\/\\\/daensport.com\\\/en\\\/\"},{\"@type\":\"ListItem\",\"position\":2,\"name\":\"Store\",\"item\":\"https:\\\/\\\/daensport.com\\\/en\\\/store\\\/\"},{\"@type\":\"ListItem\",\"position\":3,\"name\":\"Gorra MSI Racing Team 2025 estilo cl\u00e1sico\"}]},{\"@type\":\"WebSite\",\"@id\":\"https:\\\/\\\/daensport.com\\\/en\\\/#website\",\"url\":\"https:\\\/\\\/daensport.com\\\/en\\\/\",\"name\":\"Daen Sport\",\"description\":\"Fabricamos tu ropa personalizada y exclusiva. 100% Made in Spain.\",\"publisher\":{\"@id\":\"https:\\\/\\\/daensport.com\\\/en\\\/#organization\"},\"potentialAction\":[{\"@type\":\"SearchAction\",\"target\":{\"@type\":\"EntryPoint\",\"urlTemplate\":\"https:\\\/\\\/daensport.com\\\/en\\\/?s={search_term_string}\"},\"query-input\":{\"@type\":\"PropertyValueSpecification\",\"valueRequired\":true,\"valueName\":\"search_term_string\"}}],\"inLanguage\":\"en-US\"},{\"@type\":\"Organization\",\"@id\":\"https:\\\/\\\/daensport.com\\\/en\\\/#organization\",\"name\":\"Daen Sport\",\"url\":\"https:\\\/\\\/daensport.com\\\/en\\\/\",\"logo\":{\"@type\":\"ImageObject\",\"inLanguage\":\"en-US\",\"@id\":\"https:\\\/\\\/daensport.com\\\/en\\\/#\\\/schema\\\/logo\\\/image\\\/\",\"url\":\"https:\\\/\\\/daensport.com\\\/wp-content\\\/uploads\\\/2021\\\/08\\\/favicon.png\",\"contentUrl\":\"https:\\\/\\\/daensport.com\\\/wp-content\\\/uploads\\\/2021\\\/08\\\/favicon.png\",\"width\":42,\"height\":42,\"caption\":\"Daen Sport\"},\"image\":{\"@id\":\"https:\\\/\\\/daensport.com\\\/en\\\/#\\\/schema\\\/logo\\\/image\\\/\"},\"sameAs\":[\"https:\\\/\\\/www.facebook.com\\\/pages\\\/Daen-Sport\",\"https:\\\/\\\/www.instagram.com\\\/daensport\"]}]}<\/script>\n<!-- \/ Yoast SEO plugin. -->","yoast_head_json":{"title":"Gorra MSI Racing Team 2025 estilo cl\u00e1sico - Daen Sport","robots":{"index":"index","follow":"follow","max-snippet":"max-snippet:-1","max-image-preview":"max-image-preview:large","max-video-preview":"max-video-preview:-1"},"canonical":"https:\/\/daensport.com\/en\/producto\/gorra-msi-racing-team-2025-clasica\/","og_locale":"en_US","og_type":"article","og_title":"Gorra MSI Racing Team 2025 estilo cl\u00e1sico - Daen Sport","og_description":"Gorra estilo Clasico Oficial MSI Racing Team 2025 Gorra oficial del equipo MSI Racing Team es el accesorio perfecto para &hellip; Continue reading Gorra MSI Racing Team 2025 estilo cl\u00e1sico","og_url":"https:\/\/daensport.com\/en\/producto\/gorra-msi-racing-team-2025-clasica\/","og_site_name":"Daen Sport","article_publisher":"https:\/\/www.facebook.com\/pages\/Daen-Sport","article_modified_time":"2025-11-12T19:40:44+00:00","og_image":[{"width":737,"height":1000,"url":"https:\/\/daensport.com\/wp-content\/uploads\/2025\/04\/Gorra-Clasica-MSI-Racing-Team-2025-1.png","type":"image\/png"}],"twitter_card":"summary_large_image","twitter_misc":{"Est. reading time":"1 minute"},"schema":{"@context":"https:\/\/schema.org","@graph":[{"@type":"WebPage","@id":"https:\/\/daensport.com\/en\/producto\/gorra-msi-racing-team-2025-clasica\/","url":"https:\/\/daensport.com\/en\/producto\/gorra-msi-racing-team-2025-clasica\/","name":"Gorra MSI Racing Team 2025 estilo cl\u00e1sico - Daen Sport","isPartOf":{"@id":"https:\/\/daensport.com\/en\/#website"},"primaryImageOfPage":{"@id":"https:\/\/daensport.com\/en\/producto\/gorra-msi-racing-team-2025-clasica\/#primaryimage"},"image":{"@id":"https:\/\/daensport.com\/en\/producto\/gorra-msi-racing-team-2025-clasica\/#primaryimage"},"thumbnailUrl":"https:\/\/daensport.com\/wp-content\/uploads\/2025\/04\/Gorra-Clasica-MSI-Racing-Team-2025-1.png","datePublished":"2025-04-07T13:33:38+00:00","dateModified":"2025-11-12T19:40:44+00:00","breadcrumb":{"@id":"https:\/\/daensport.com\/en\/producto\/gorra-msi-racing-team-2025-clasica\/#breadcrumb"},"inLanguage":"en-US","potentialAction":[{"@type":"ReadAction","target":["https:\/\/daensport.com\/en\/producto\/gorra-msi-racing-team-2025-clasica\/"]}]},{"@type":"ImageObject","inLanguage":"en-US","@id":"https:\/\/daensport.com\/en\/producto\/gorra-msi-racing-team-2025-clasica\/#primaryimage","url":"https:\/\/daensport.com\/wp-content\/uploads\/2025\/04\/Gorra-Clasica-MSI-Racing-Team-2025-1.png","contentUrl":"https:\/\/daensport.com\/wp-content\/uploads\/2025\/04\/Gorra-Clasica-MSI-Racing-Team-2025-1.png","width":737,"height":1000},{"@type":"BreadcrumbList","@id":"https:\/\/daensport.com\/en\/producto\/gorra-msi-racing-team-2025-clasica\/#breadcrumb","itemListElement":[{"@type":"ListItem","position":1,"name":"Homepage","item":"https:\/\/daensport.com\/en\/"},{"@type":"ListItem","position":2,"name":"Store","item":"https:\/\/daensport.com\/en\/store\/"},{"@type":"ListItem","position":3,"name":"Gorra MSI Racing Team 2025 estilo cl\u00e1sico"}]},{"@type":"WebSite","@id":"https:\/\/daensport.com\/en\/#website","url":"https:\/\/daensport.com\/en\/","name":"Daen Sport","description":"Fabricamos tu ropa personalizada y exclusiva. 100% Made in Spain.","publisher":{"@id":"https:\/\/daensport.com\/en\/#organization"},"potentialAction":[{"@type":"SearchAction","target":{"@type":"EntryPoint","urlTemplate":"https:\/\/daensport.com\/en\/?s={search_term_string}"},"query-input":{"@type":"PropertyValueSpecification","valueRequired":true,"valueName":"search_term_string"}}],"inLanguage":"en-US"},{"@type":"Organization","@id":"https:\/\/daensport.com\/en\/#organization","name":"Daen Sport","url":"https:\/\/daensport.com\/en\/","logo":{"@type":"ImageObject","inLanguage":"en-US","@id":"https:\/\/daensport.com\/en\/#\/schema\/logo\/image\/","url":"https:\/\/daensport.com\/wp-content\/uploads\/2021\/08\/favicon.png","contentUrl":"https:\/\/daensport.com\/wp-content\/uploads\/2021\/08\/favicon.png","width":42,"height":42,"caption":"Daen Sport"},"image":{"@id":"https:\/\/daensport.com\/en\/#\/schema\/logo\/image\/"},"sameAs":["https:\/\/www.facebook.com\/pages\/Daen-Sport","https:\/\/www.instagram.com\/daensport"]}]}},"_links":{"self":[{"href":"https:\/\/daensport.com\/en\/wp-json\/wp\/v2\/product\/6512","targetHints":{"allow":["GET"]}}],"collection":[{"href":"https:\/\/daensport.com\/en\/wp-json\/wp\/v2\/product"}],"about":[{"href":"https:\/\/daensport.com\/en\/wp-json\/wp\/v2\/types\/product"}],"wp:featuredmedia":[{"embeddable":true,"href":"https:\/\/daensport.com\/en\/wp-json\/wp\/v2\/media\/6894"}],"wp:attachment":[{"href":"https:\/\/daensport.com\/en\/wp-json\/wp\/v2\/media?parent=6512"}],"wp:term":[{"taxonomy":"product_brand","embeddable":true,"href":"https:\/\/daensport.com\/en\/wp-json\/wp\/v2\/product_brand?post=6512"},{"taxonomy":"product_cat","embeddable":true,"href":"https:\/\/daensport.com\/en\/wp-json\/wp\/v2\/product_cat?post=6512"},{"taxonomy":"product_tag","embeddable":true,"href":"https:\/\/daensport.com\/en\/wp-json\/wp\/v2\/product_tag?post=6512"}],"curies":[{"name":"wp","href":"https:\/\/api.w.org\/{rel}","templated":true}]}}