{"id":6153,"date":"2024-12-05T13:49:11","date_gmt":"2024-12-05T13:49:11","guid":{"rendered":"https:\/\/daensport.com\/?post_type=product&#038;p=6153"},"modified":"2025-09-13T18:46:57","modified_gmt":"2025-09-13T18:46:57","slug":"camiseta-personalizada-dtf","status":"publish","type":"product","link":"https:\/\/daensport.com\/en\/producto\/camiseta-personalizada-dtf\/","title":{"rendered":"&#8211; Camiseta Personalizada DTF &#8211;"},"content":{"rendered":"<h3>Camiseta Personalizada DTF-<\/h3>\n<p>Nuestra camiseta de algod\u00f3n premium es la base perfecta para tus camiseta personalizada en DTF.<\/p>\n<p>Utiliza nuestra APP WEB donde puedes agregar logos, im\u00e1genes, textos o gr\u00e1ficos y comprar tu camiseta personalizada en DTF de forma r\u00e1pida y sencilla.<\/p>\n<p>Fabricada con algod\u00f3n de alta calidad, garantiza durabilidad y comodidad, ideal tanto para uso personal como profesional.<\/p>\n<p>\u00a1Escoge el color que m\u00e1s te guste y empieza a dise\u00f1ar!<\/p>\n<p>&nbsp;<\/p>\n<p><em><strong>Datos T\u00e9cnicos del tejido:<\/strong><\/em><\/p>\n<ul>\n<li><em>100% algod\u00f3n<\/em><\/li>\n<li><em>Punto liso<\/em><\/li>\n<li><em>165 g\/m\u00b2 (Colores)<\/em><\/li>\n<li><em>180 g\/m\u00b2 (Blanco)<\/em><\/li>\n<li><em>Lavar m\u00e1ximo a 30\u00ba (mayor durabilidad del dise\u00f1o DTF)<\/em><\/li>\n<\/ul>\n","protected":false},"excerpt":{"rendered":"<p>Dise\u00f1a y compra tu camiseta personalizada ya mismo, sin esperas.<\/p>\n<ul>\n<li>Tejido 100% Algod\u00f3n de alta calidad.<\/li>\n<li>Gran variedad de colores disponibles.<\/li>\n<li>Camiseta personalizable con logotipos y\/o textos en la parte Frontal y\/o Trasera.<\/li>\n<li>C\u00f3moda y resistente, ideal para uso diario.<\/li>\n<\/ul>\n","protected":false},"featured_media":6877,"template":"","meta":{"_acf_changed":false},"product_brand":[],"product_cat":[15,28,37],"product_tag":[160,78,164,256,157],"class_list":{"0":"post-6153","1":"product","2":"type-product","3":"status-publish","4":"has-post-thumbnail","6":"product_cat-otros-productos","7":"product_cat-x-casual-1","8":"product_cat-x-merchandising-1","9":"product_tag-algodon","10":"product_tag-camiseta","11":"product_tag-casual","12":"product_tag-custom-dtf","13":"product_tag-dtf","14":"product_shipping_class-bag-1kg","16":"first","17":"instock","18":"featured","19":"taxable","20":"shipping-taxable","21":"purchasable","22":"product-type-variable"},"acf":[],"yoast_head":"<!-- This site is optimized with the Yoast SEO plugin v27.5 - https:\/\/yoast.com\/product\/yoast-seo-wordpress\/ -->\n<title>- Camiseta Personalizada DTF - Daen Sport<\/title>\n<meta name=\"robots\" content=\"index, follow, max-snippet:-1, max-image-preview:large, max-video-preview:-1\" \/>\n<link rel=\"canonical\" href=\"https:\/\/daensport.com\/en\/producto\/camiseta-personalizada-dtf\/\" \/>\n<meta property=\"og:locale\" content=\"en_US\" \/>\n<meta property=\"og:type\" content=\"article\" \/>\n<meta property=\"og:title\" content=\"- Camiseta Personalizada DTF - Daen Sport\" \/>\n<meta property=\"og:description\" content=\"Dise\u00f1a y compra tu camiseta personalizada ya mismo, sin esperas.   Tejido 100% Algod\u00f3n de alta calidad.  Gran variedad de colores disponibles.  Camiseta personalizable con logotipos y\/o textos en la parte Frontal y\/o Trasera.  C\u00f3moda y resistente, ideal para uso diario.\" \/>\n<meta property=\"og:url\" content=\"https:\/\/daensport.com\/en\/producto\/camiseta-personalizada-dtf\/\" \/>\n<meta property=\"og:site_name\" content=\"Daen Sport\" \/>\n<meta property=\"article:publisher\" content=\"https:\/\/www.facebook.com\/pages\/Daen-Sport\" \/>\n<meta property=\"article:modified_time\" content=\"2025-09-13T18:46:57+00:00\" \/>\n<meta property=\"og:image\" content=\"https:\/\/daensport.com\/wp-content\/uploads\/2024\/12\/Camiseta-DTF-PERSONALIZADA.jpg\" \/>\n\t<meta property=\"og:image:width\" content=\"737\" \/>\n\t<meta property=\"og:image:height\" content=\"1000\" \/>\n\t<meta property=\"og:image:type\" content=\"image\/jpeg\" \/>\n<meta name=\"twitter:card\" content=\"summary_large_image\" \/>\n<meta name=\"twitter:label1\" content=\"Est. reading time\" \/>\n\t<meta name=\"twitter:data1\" content=\"1 minute\" \/>\n<script type=\"application\/ld+json\" class=\"yoast-schema-graph\">{\"@context\":\"https:\\\/\\\/schema.org\",\"@graph\":[{\"@type\":\"WebPage\",\"@id\":\"https:\\\/\\\/daensport.com\\\/en\\\/producto\\\/camiseta-personalizada-dtf\\\/\",\"url\":\"https:\\\/\\\/daensport.com\\\/en\\\/producto\\\/camiseta-personalizada-dtf\\\/\",\"name\":\"- Camiseta Personalizada DTF - Daen Sport\",\"isPartOf\":{\"@id\":\"https:\\\/\\\/daensport.com\\\/en\\\/#website\"},\"primaryImageOfPage\":{\"@id\":\"https:\\\/\\\/daensport.com\\\/en\\\/producto\\\/camiseta-personalizada-dtf\\\/#primaryimage\"},\"image\":{\"@id\":\"https:\\\/\\\/daensport.com\\\/en\\\/producto\\\/camiseta-personalizada-dtf\\\/#primaryimage\"},\"thumbnailUrl\":\"https:\\\/\\\/daensport.com\\\/wp-content\\\/uploads\\\/2024\\\/12\\\/Camiseta-DTF-PERSONALIZADA.jpg\",\"datePublished\":\"2024-12-05T13:49:11+00:00\",\"dateModified\":\"2025-09-13T18:46:57+00:00\",\"breadcrumb\":{\"@id\":\"https:\\\/\\\/daensport.com\\\/en\\\/producto\\\/camiseta-personalizada-dtf\\\/#breadcrumb\"},\"inLanguage\":\"en-US\",\"potentialAction\":[{\"@type\":\"ReadAction\",\"target\":[\"https:\\\/\\\/daensport.com\\\/en\\\/producto\\\/camiseta-personalizada-dtf\\\/\"]}]},{\"@type\":\"ImageObject\",\"inLanguage\":\"en-US\",\"@id\":\"https:\\\/\\\/daensport.com\\\/en\\\/producto\\\/camiseta-personalizada-dtf\\\/#primaryimage\",\"url\":\"https:\\\/\\\/daensport.com\\\/wp-content\\\/uploads\\\/2024\\\/12\\\/Camiseta-DTF-PERSONALIZADA.jpg\",\"contentUrl\":\"https:\\\/\\\/daensport.com\\\/wp-content\\\/uploads\\\/2024\\\/12\\\/Camiseta-DTF-PERSONALIZADA.jpg\",\"width\":737,\"height\":1000},{\"@type\":\"BreadcrumbList\",\"@id\":\"https:\\\/\\\/daensport.com\\\/en\\\/producto\\\/camiseta-personalizada-dtf\\\/#breadcrumb\",\"itemListElement\":[{\"@type\":\"ListItem\",\"position\":1,\"name\":\"Homepage\",\"item\":\"https:\\\/\\\/daensport.com\\\/en\\\/\"},{\"@type\":\"ListItem\",\"position\":2,\"name\":\"Store\",\"item\":\"https:\\\/\\\/daensport.com\\\/en\\\/store\\\/\"},{\"@type\":\"ListItem\",\"position\":3,\"name\":\"&#8211; Camiseta Personalizada DTF &#8211;\"}]},{\"@type\":\"WebSite\",\"@id\":\"https:\\\/\\\/daensport.com\\\/en\\\/#website\",\"url\":\"https:\\\/\\\/daensport.com\\\/en\\\/\",\"name\":\"Daen Sport\",\"description\":\"Fabricamos tu ropa personalizada y exclusiva. 100% Made in Spain.\",\"publisher\":{\"@id\":\"https:\\\/\\\/daensport.com\\\/en\\\/#organization\"},\"potentialAction\":[{\"@type\":\"SearchAction\",\"target\":{\"@type\":\"EntryPoint\",\"urlTemplate\":\"https:\\\/\\\/daensport.com\\\/en\\\/?s={search_term_string}\"},\"query-input\":{\"@type\":\"PropertyValueSpecification\",\"valueRequired\":true,\"valueName\":\"search_term_string\"}}],\"inLanguage\":\"en-US\"},{\"@type\":\"Organization\",\"@id\":\"https:\\\/\\\/daensport.com\\\/en\\\/#organization\",\"name\":\"Daen Sport\",\"url\":\"https:\\\/\\\/daensport.com\\\/en\\\/\",\"logo\":{\"@type\":\"ImageObject\",\"inLanguage\":\"en-US\",\"@id\":\"https:\\\/\\\/daensport.com\\\/en\\\/#\\\/schema\\\/logo\\\/image\\\/\",\"url\":\"https:\\\/\\\/daensport.com\\\/wp-content\\\/uploads\\\/2021\\\/08\\\/favicon.png\",\"contentUrl\":\"https:\\\/\\\/daensport.com\\\/wp-content\\\/uploads\\\/2021\\\/08\\\/favicon.png\",\"width\":42,\"height\":42,\"caption\":\"Daen Sport\"},\"image\":{\"@id\":\"https:\\\/\\\/daensport.com\\\/en\\\/#\\\/schema\\\/logo\\\/image\\\/\"},\"sameAs\":[\"https:\\\/\\\/www.facebook.com\\\/pages\\\/Daen-Sport\",\"https:\\\/\\\/www.instagram.com\\\/daensport\"]}]}<\/script>\n<!-- \/ Yoast SEO plugin. -->","yoast_head_json":{"title":"- Camiseta Personalizada DTF - Daen Sport","robots":{"index":"index","follow":"follow","max-snippet":"max-snippet:-1","max-image-preview":"max-image-preview:large","max-video-preview":"max-video-preview:-1"},"canonical":"https:\/\/daensport.com\/en\/producto\/camiseta-personalizada-dtf\/","og_locale":"en_US","og_type":"article","og_title":"- Camiseta Personalizada DTF - Daen Sport","og_description":"Dise\u00f1a y compra tu camiseta personalizada ya mismo, sin esperas.   Tejido 100% Algod\u00f3n de alta calidad.  Gran variedad de colores disponibles.  Camiseta personalizable con logotipos y\/o textos en la parte Frontal y\/o Trasera.  C\u00f3moda y resistente, ideal para uso diario.","og_url":"https:\/\/daensport.com\/en\/producto\/camiseta-personalizada-dtf\/","og_site_name":"Daen Sport","article_publisher":"https:\/\/www.facebook.com\/pages\/Daen-Sport","article_modified_time":"2025-09-13T18:46:57+00:00","og_image":[{"width":737,"height":1000,"url":"https:\/\/daensport.com\/wp-content\/uploads\/2024\/12\/Camiseta-DTF-PERSONALIZADA.jpg","type":"image\/jpeg"}],"twitter_card":"summary_large_image","twitter_misc":{"Est. reading time":"1 minute"},"schema":{"@context":"https:\/\/schema.org","@graph":[{"@type":"WebPage","@id":"https:\/\/daensport.com\/en\/producto\/camiseta-personalizada-dtf\/","url":"https:\/\/daensport.com\/en\/producto\/camiseta-personalizada-dtf\/","name":"- Camiseta Personalizada DTF - Daen Sport","isPartOf":{"@id":"https:\/\/daensport.com\/en\/#website"},"primaryImageOfPage":{"@id":"https:\/\/daensport.com\/en\/producto\/camiseta-personalizada-dtf\/#primaryimage"},"image":{"@id":"https:\/\/daensport.com\/en\/producto\/camiseta-personalizada-dtf\/#primaryimage"},"thumbnailUrl":"https:\/\/daensport.com\/wp-content\/uploads\/2024\/12\/Camiseta-DTF-PERSONALIZADA.jpg","datePublished":"2024-12-05T13:49:11+00:00","dateModified":"2025-09-13T18:46:57+00:00","breadcrumb":{"@id":"https:\/\/daensport.com\/en\/producto\/camiseta-personalizada-dtf\/#breadcrumb"},"inLanguage":"en-US","potentialAction":[{"@type":"ReadAction","target":["https:\/\/daensport.com\/en\/producto\/camiseta-personalizada-dtf\/"]}]},{"@type":"ImageObject","inLanguage":"en-US","@id":"https:\/\/daensport.com\/en\/producto\/camiseta-personalizada-dtf\/#primaryimage","url":"https:\/\/daensport.com\/wp-content\/uploads\/2024\/12\/Camiseta-DTF-PERSONALIZADA.jpg","contentUrl":"https:\/\/daensport.com\/wp-content\/uploads\/2024\/12\/Camiseta-DTF-PERSONALIZADA.jpg","width":737,"height":1000},{"@type":"BreadcrumbList","@id":"https:\/\/daensport.com\/en\/producto\/camiseta-personalizada-dtf\/#breadcrumb","itemListElement":[{"@type":"ListItem","position":1,"name":"Homepage","item":"https:\/\/daensport.com\/en\/"},{"@type":"ListItem","position":2,"name":"Store","item":"https:\/\/daensport.com\/en\/store\/"},{"@type":"ListItem","position":3,"name":"&#8211; Camiseta Personalizada DTF &#8211;"}]},{"@type":"WebSite","@id":"https:\/\/daensport.com\/en\/#website","url":"https:\/\/daensport.com\/en\/","name":"Daen Sport","description":"Fabricamos tu ropa personalizada y exclusiva. 100% Made in Spain.","publisher":{"@id":"https:\/\/daensport.com\/en\/#organization"},"potentialAction":[{"@type":"SearchAction","target":{"@type":"EntryPoint","urlTemplate":"https:\/\/daensport.com\/en\/?s={search_term_string}"},"query-input":{"@type":"PropertyValueSpecification","valueRequired":true,"valueName":"search_term_string"}}],"inLanguage":"en-US"},{"@type":"Organization","@id":"https:\/\/daensport.com\/en\/#organization","name":"Daen Sport","url":"https:\/\/daensport.com\/en\/","logo":{"@type":"ImageObject","inLanguage":"en-US","@id":"https:\/\/daensport.com\/en\/#\/schema\/logo\/image\/","url":"https:\/\/daensport.com\/wp-content\/uploads\/2021\/08\/favicon.png","contentUrl":"https:\/\/daensport.com\/wp-content\/uploads\/2021\/08\/favicon.png","width":42,"height":42,"caption":"Daen Sport"},"image":{"@id":"https:\/\/daensport.com\/en\/#\/schema\/logo\/image\/"},"sameAs":["https:\/\/www.facebook.com\/pages\/Daen-Sport","https:\/\/www.instagram.com\/daensport"]}]}},"_links":{"self":[{"href":"https:\/\/daensport.com\/en\/wp-json\/wp\/v2\/product\/6153","targetHints":{"allow":["GET"]}}],"collection":[{"href":"https:\/\/daensport.com\/en\/wp-json\/wp\/v2\/product"}],"about":[{"href":"https:\/\/daensport.com\/en\/wp-json\/wp\/v2\/types\/product"}],"wp:featuredmedia":[{"embeddable":true,"href":"https:\/\/daensport.com\/en\/wp-json\/wp\/v2\/media\/6877"}],"wp:attachment":[{"href":"https:\/\/daensport.com\/en\/wp-json\/wp\/v2\/media?parent=6153"}],"wp:term":[{"taxonomy":"product_brand","embeddable":true,"href":"https:\/\/daensport.com\/en\/wp-json\/wp\/v2\/product_brand?post=6153"},{"taxonomy":"product_cat","embeddable":true,"href":"https:\/\/daensport.com\/en\/wp-json\/wp\/v2\/product_cat?post=6153"},{"taxonomy":"product_tag","embeddable":true,"href":"https:\/\/daensport.com\/en\/wp-json\/wp\/v2\/product_tag?post=6153"}],"curies":[{"name":"wp","href":"https:\/\/api.w.org\/{rel}","templated":true}]}}