{"id":5655,"date":"2024-08-27T08:29:15","date_gmt":"2024-08-27T08:29:15","guid":{"rendered":"https:\/\/daensport.com\/?post_type=product&#038;p=5655"},"modified":"2025-07-01T09:19:17","modified_gmt":"2025-07-01T09:19:17","slug":"gorra-mthelmets-msi-2024-motoe-replica","status":"publish","type":"product","link":"https:\/\/daensport.com\/en\/producto\/gorra-mthelmets-msi-2024-motoe-replica\/","title":{"rendered":"Gorra MTHelmets-MSI 2024 Motoe Replica"},"content":{"rendered":"<h3>Gorra r\u00e9plica del equipo MTHelmets-MSI de la temporada 2024<\/h3>\n<p>Descubre la nueva gorra r\u00e9plica del equipo <strong>MTHelmets-MSI<\/strong> de la temporada 2024.<\/p>\n<p>Dise\u00f1ada con materiales premium y estampada con el logo oficial y los pilotos mundialistas, esta gorra es perfecta para los fan\u00e1ticos de Motoe. \u00a1A\u00f1\u00e1dela a tu colecci\u00f3n y apoya a tus pilotos favoritos con la <em><strong>Gorra del Campeonato del Mundo de Motoe<\/strong><\/em>: \u00a0<b><i>Oscar Guti\u00e9rrez\u00a0<em><strong>#99<\/strong><\/em><\/i><\/b>\u00a0y\u00a0<b><i><em><strong>Miquel Pons 77.\u00a0<\/strong><\/em><\/i><\/b><\/p>\n","protected":false},"excerpt":{"rendered":"<ul>\n<li>Modelo de edici\u00f3n 2024<\/li>\n<li>Material duradero y de alta calidad<\/li>\n<li>Logo del equipo bordado<\/li>\n<li>Basada en el dise\u00f1o oficial del equipo<\/li>\n<\/ul>\n","protected":false},"featured_media":5349,"template":"","meta":{"_acf_changed":false},"product_brand":[],"product_cat":[72,17,37],"product_tag":[140,96,120,87],"class_list":{"0":"post-5655","1":"product","2":"type-product","3":"status-publish","4":"has-post-thumbnail","6":"product_cat-motogp","7":"product_cat-motor-1","8":"product_cat-x-merchandising-1","9":"product_tag-140","10":"product_tag-bordado","11":"product_tag-gorra","12":"product_tag-motogp","13":"product_shipping_class-bag-1kg","15":"first","16":"instock","17":"taxable","18":"shipping-taxable","19":"purchasable","20":"product-type-simple"},"acf":[],"yoast_head":"<!-- This site is optimized with the Yoast SEO plugin v27.4 - https:\/\/yoast.com\/product\/yoast-seo-wordpress\/ -->\n<title>Gorra MTHelmets-MSI 2024 Motoe Replica - Daen Sport<\/title>\n<meta name=\"robots\" content=\"index, follow, max-snippet:-1, max-image-preview:large, max-video-preview:-1\" \/>\n<link rel=\"canonical\" href=\"https:\/\/daensport.com\/en\/producto\/gorra-mthelmets-msi-2024-motoe-replica\/\" \/>\n<meta property=\"og:locale\" content=\"en_US\" \/>\n<meta property=\"og:type\" content=\"article\" \/>\n<meta property=\"og:title\" content=\"Gorra MTHelmets-MSI 2024 Motoe Replica - Daen Sport\" \/>\n<meta property=\"og:description\" content=\"Modelo de edici\u00f3n 2024  Material duradero y de alta calidad  Logo del equipo bordado  Basada en el dise\u00f1o oficial del equipo\" \/>\n<meta property=\"og:url\" content=\"https:\/\/daensport.com\/en\/producto\/gorra-mthelmets-msi-2024-motoe-replica\/\" \/>\n<meta property=\"og:site_name\" content=\"Daen Sport\" \/>\n<meta property=\"article:publisher\" content=\"https:\/\/www.facebook.com\/pages\/Daen-Sport\" \/>\n<meta property=\"article:modified_time\" content=\"2025-07-01T09:19:17+00:00\" \/>\n<meta property=\"og:image\" content=\"https:\/\/daensport.com\/wp-content\/uploads\/2024\/07\/Gorra-AXXIS-MSI-2024-Replica-Oscar-Gutierrez-99.jpg\" \/>\n\t<meta property=\"og:image:width\" content=\"737\" \/>\n\t<meta property=\"og:image:height\" content=\"1000\" \/>\n\t<meta property=\"og:image:type\" content=\"image\/jpeg\" \/>\n<meta name=\"twitter:card\" content=\"summary_large_image\" \/>\n<meta name=\"twitter:label1\" content=\"Est. reading time\" \/>\n\t<meta name=\"twitter:data1\" content=\"1 minute\" \/>\n<script type=\"application\/ld+json\" class=\"yoast-schema-graph\">{\"@context\":\"https:\\\/\\\/schema.org\",\"@graph\":[{\"@type\":\"WebPage\",\"@id\":\"https:\\\/\\\/daensport.com\\\/en\\\/producto\\\/gorra-mthelmets-msi-2024-motoe-replica\\\/\",\"url\":\"https:\\\/\\\/daensport.com\\\/en\\\/producto\\\/gorra-mthelmets-msi-2024-motoe-replica\\\/\",\"name\":\"Gorra MTHelmets-MSI 2024 Motoe Replica - Daen Sport\",\"isPartOf\":{\"@id\":\"https:\\\/\\\/daensport.com\\\/en\\\/#website\"},\"primaryImageOfPage\":{\"@id\":\"https:\\\/\\\/daensport.com\\\/en\\\/producto\\\/gorra-mthelmets-msi-2024-motoe-replica\\\/#primaryimage\"},\"image\":{\"@id\":\"https:\\\/\\\/daensport.com\\\/en\\\/producto\\\/gorra-mthelmets-msi-2024-motoe-replica\\\/#primaryimage\"},\"thumbnailUrl\":\"https:\\\/\\\/daensport.com\\\/wp-content\\\/uploads\\\/2024\\\/07\\\/Gorra-AXXIS-MSI-2024-Replica-Oscar-Gutierrez-99.jpg\",\"datePublished\":\"2024-08-27T08:29:15+00:00\",\"dateModified\":\"2025-07-01T09:19:17+00:00\",\"breadcrumb\":{\"@id\":\"https:\\\/\\\/daensport.com\\\/en\\\/producto\\\/gorra-mthelmets-msi-2024-motoe-replica\\\/#breadcrumb\"},\"inLanguage\":\"en-US\",\"potentialAction\":[{\"@type\":\"ReadAction\",\"target\":[\"https:\\\/\\\/daensport.com\\\/en\\\/producto\\\/gorra-mthelmets-msi-2024-motoe-replica\\\/\"]}]},{\"@type\":\"ImageObject\",\"inLanguage\":\"en-US\",\"@id\":\"https:\\\/\\\/daensport.com\\\/en\\\/producto\\\/gorra-mthelmets-msi-2024-motoe-replica\\\/#primaryimage\",\"url\":\"https:\\\/\\\/daensport.com\\\/wp-content\\\/uploads\\\/2024\\\/07\\\/Gorra-AXXIS-MSI-2024-Replica-Oscar-Gutierrez-99.jpg\",\"contentUrl\":\"https:\\\/\\\/daensport.com\\\/wp-content\\\/uploads\\\/2024\\\/07\\\/Gorra-AXXIS-MSI-2024-Replica-Oscar-Gutierrez-99.jpg\",\"width\":737,\"height\":1000},{\"@type\":\"BreadcrumbList\",\"@id\":\"https:\\\/\\\/daensport.com\\\/en\\\/producto\\\/gorra-mthelmets-msi-2024-motoe-replica\\\/#breadcrumb\",\"itemListElement\":[{\"@type\":\"ListItem\",\"position\":1,\"name\":\"Homepage\",\"item\":\"https:\\\/\\\/daensport.com\\\/en\\\/\"},{\"@type\":\"ListItem\",\"position\":2,\"name\":\"Store\",\"item\":\"https:\\\/\\\/daensport.com\\\/en\\\/store\\\/\"},{\"@type\":\"ListItem\",\"position\":3,\"name\":\"Gorra MTHelmets-MSI 2024 Motoe Replica\"}]},{\"@type\":\"WebSite\",\"@id\":\"https:\\\/\\\/daensport.com\\\/en\\\/#website\",\"url\":\"https:\\\/\\\/daensport.com\\\/en\\\/\",\"name\":\"Daen Sport\",\"description\":\"Fabricamos tu ropa personalizada y exclusiva. 100% Made in Spain.\",\"publisher\":{\"@id\":\"https:\\\/\\\/daensport.com\\\/en\\\/#organization\"},\"potentialAction\":[{\"@type\":\"SearchAction\",\"target\":{\"@type\":\"EntryPoint\",\"urlTemplate\":\"https:\\\/\\\/daensport.com\\\/en\\\/?s={search_term_string}\"},\"query-input\":{\"@type\":\"PropertyValueSpecification\",\"valueRequired\":true,\"valueName\":\"search_term_string\"}}],\"inLanguage\":\"en-US\"},{\"@type\":\"Organization\",\"@id\":\"https:\\\/\\\/daensport.com\\\/en\\\/#organization\",\"name\":\"Daen Sport\",\"url\":\"https:\\\/\\\/daensport.com\\\/en\\\/\",\"logo\":{\"@type\":\"ImageObject\",\"inLanguage\":\"en-US\",\"@id\":\"https:\\\/\\\/daensport.com\\\/en\\\/#\\\/schema\\\/logo\\\/image\\\/\",\"url\":\"https:\\\/\\\/daensport.com\\\/wp-content\\\/uploads\\\/2021\\\/08\\\/favicon.png\",\"contentUrl\":\"https:\\\/\\\/daensport.com\\\/wp-content\\\/uploads\\\/2021\\\/08\\\/favicon.png\",\"width\":42,\"height\":42,\"caption\":\"Daen Sport\"},\"image\":{\"@id\":\"https:\\\/\\\/daensport.com\\\/en\\\/#\\\/schema\\\/logo\\\/image\\\/\"},\"sameAs\":[\"https:\\\/\\\/www.facebook.com\\\/pages\\\/Daen-Sport\",\"https:\\\/\\\/www.instagram.com\\\/daensport\"]}]}<\/script>\n<!-- \/ Yoast SEO plugin. -->","yoast_head_json":{"title":"Gorra MTHelmets-MSI 2024 Motoe Replica - Daen Sport","robots":{"index":"index","follow":"follow","max-snippet":"max-snippet:-1","max-image-preview":"max-image-preview:large","max-video-preview":"max-video-preview:-1"},"canonical":"https:\/\/daensport.com\/en\/producto\/gorra-mthelmets-msi-2024-motoe-replica\/","og_locale":"en_US","og_type":"article","og_title":"Gorra MTHelmets-MSI 2024 Motoe Replica - Daen Sport","og_description":"Modelo de edici\u00f3n 2024  Material duradero y de alta calidad  Logo del equipo bordado  Basada en el dise\u00f1o oficial del equipo","og_url":"https:\/\/daensport.com\/en\/producto\/gorra-mthelmets-msi-2024-motoe-replica\/","og_site_name":"Daen Sport","article_publisher":"https:\/\/www.facebook.com\/pages\/Daen-Sport","article_modified_time":"2025-07-01T09:19:17+00:00","og_image":[{"width":737,"height":1000,"url":"https:\/\/daensport.com\/wp-content\/uploads\/2024\/07\/Gorra-AXXIS-MSI-2024-Replica-Oscar-Gutierrez-99.jpg","type":"image\/jpeg"}],"twitter_card":"summary_large_image","twitter_misc":{"Est. reading time":"1 minute"},"schema":{"@context":"https:\/\/schema.org","@graph":[{"@type":"WebPage","@id":"https:\/\/daensport.com\/en\/producto\/gorra-mthelmets-msi-2024-motoe-replica\/","url":"https:\/\/daensport.com\/en\/producto\/gorra-mthelmets-msi-2024-motoe-replica\/","name":"Gorra MTHelmets-MSI 2024 Motoe Replica - Daen Sport","isPartOf":{"@id":"https:\/\/daensport.com\/en\/#website"},"primaryImageOfPage":{"@id":"https:\/\/daensport.com\/en\/producto\/gorra-mthelmets-msi-2024-motoe-replica\/#primaryimage"},"image":{"@id":"https:\/\/daensport.com\/en\/producto\/gorra-mthelmets-msi-2024-motoe-replica\/#primaryimage"},"thumbnailUrl":"https:\/\/daensport.com\/wp-content\/uploads\/2024\/07\/Gorra-AXXIS-MSI-2024-Replica-Oscar-Gutierrez-99.jpg","datePublished":"2024-08-27T08:29:15+00:00","dateModified":"2025-07-01T09:19:17+00:00","breadcrumb":{"@id":"https:\/\/daensport.com\/en\/producto\/gorra-mthelmets-msi-2024-motoe-replica\/#breadcrumb"},"inLanguage":"en-US","potentialAction":[{"@type":"ReadAction","target":["https:\/\/daensport.com\/en\/producto\/gorra-mthelmets-msi-2024-motoe-replica\/"]}]},{"@type":"ImageObject","inLanguage":"en-US","@id":"https:\/\/daensport.com\/en\/producto\/gorra-mthelmets-msi-2024-motoe-replica\/#primaryimage","url":"https:\/\/daensport.com\/wp-content\/uploads\/2024\/07\/Gorra-AXXIS-MSI-2024-Replica-Oscar-Gutierrez-99.jpg","contentUrl":"https:\/\/daensport.com\/wp-content\/uploads\/2024\/07\/Gorra-AXXIS-MSI-2024-Replica-Oscar-Gutierrez-99.jpg","width":737,"height":1000},{"@type":"BreadcrumbList","@id":"https:\/\/daensport.com\/en\/producto\/gorra-mthelmets-msi-2024-motoe-replica\/#breadcrumb","itemListElement":[{"@type":"ListItem","position":1,"name":"Homepage","item":"https:\/\/daensport.com\/en\/"},{"@type":"ListItem","position":2,"name":"Store","item":"https:\/\/daensport.com\/en\/store\/"},{"@type":"ListItem","position":3,"name":"Gorra MTHelmets-MSI 2024 Motoe Replica"}]},{"@type":"WebSite","@id":"https:\/\/daensport.com\/en\/#website","url":"https:\/\/daensport.com\/en\/","name":"Daen Sport","description":"Fabricamos tu ropa personalizada y exclusiva. 100% Made in Spain.","publisher":{"@id":"https:\/\/daensport.com\/en\/#organization"},"potentialAction":[{"@type":"SearchAction","target":{"@type":"EntryPoint","urlTemplate":"https:\/\/daensport.com\/en\/?s={search_term_string}"},"query-input":{"@type":"PropertyValueSpecification","valueRequired":true,"valueName":"search_term_string"}}],"inLanguage":"en-US"},{"@type":"Organization","@id":"https:\/\/daensport.com\/en\/#organization","name":"Daen Sport","url":"https:\/\/daensport.com\/en\/","logo":{"@type":"ImageObject","inLanguage":"en-US","@id":"https:\/\/daensport.com\/en\/#\/schema\/logo\/image\/","url":"https:\/\/daensport.com\/wp-content\/uploads\/2021\/08\/favicon.png","contentUrl":"https:\/\/daensport.com\/wp-content\/uploads\/2021\/08\/favicon.png","width":42,"height":42,"caption":"Daen Sport"},"image":{"@id":"https:\/\/daensport.com\/en\/#\/schema\/logo\/image\/"},"sameAs":["https:\/\/www.facebook.com\/pages\/Daen-Sport","https:\/\/www.instagram.com\/daensport"]}]}},"_links":{"self":[{"href":"https:\/\/daensport.com\/en\/wp-json\/wp\/v2\/product\/5655","targetHints":{"allow":["GET"]}}],"collection":[{"href":"https:\/\/daensport.com\/en\/wp-json\/wp\/v2\/product"}],"about":[{"href":"https:\/\/daensport.com\/en\/wp-json\/wp\/v2\/types\/product"}],"wp:featuredmedia":[{"embeddable":true,"href":"https:\/\/daensport.com\/en\/wp-json\/wp\/v2\/media\/5349"}],"wp:attachment":[{"href":"https:\/\/daensport.com\/en\/wp-json\/wp\/v2\/media?parent=5655"}],"wp:term":[{"taxonomy":"product_brand","embeddable":true,"href":"https:\/\/daensport.com\/en\/wp-json\/wp\/v2\/product_brand?post=5655"},{"taxonomy":"product_cat","embeddable":true,"href":"https:\/\/daensport.com\/en\/wp-json\/wp\/v2\/product_cat?post=5655"},{"taxonomy":"product_tag","embeddable":true,"href":"https:\/\/daensport.com\/en\/wp-json\/wp\/v2\/product_tag?post=5655"}],"curies":[{"name":"wp","href":"https:\/\/api.w.org\/{rel}","templated":true}]}}