{"id":4440,"date":"2024-06-17T11:24:53","date_gmt":"2024-06-17T11:24:53","guid":{"rendered":"https:\/\/daensport.com\/?post_type=product&#038;p=4440"},"modified":"2025-07-01T09:19:17","modified_gmt":"2025-07-01T09:19:17","slug":"camiseta-offroad-motocross-enduro-custom-essential-edition-mangas-frontal-espalda-2024","status":"publish","type":"product","link":"https:\/\/daensport.com\/en\/producto\/camiseta-offroad-motocross-enduro-custom-essential-edition-mangas-frontal-espalda-2024\/","title":{"rendered":"Camiseta OffRoad Motocross\/Enduro Custom Essential Edition &#8211; Mangas, Frontal y Espalda 2024"},"content":{"rendered":"<p>Descubre nuestra <strong>camiseta personalizable econ\u00f3mica<\/strong>\u00a0dise\u00f1ada especialmente para los amantes del OffRoad como <strong>motocross, enduro, trial,<\/strong> entre otros. Con colores inspirados en las ic\u00f3nicas marcas Husqvarna, KTM, Yamaha, GasGas y Kawasaki, esta prenda combina estilo y rendimiento. Fabricada con un tejido transpirable de alta calidad, asegura m\u00e1xima comodidad durante tus entrenamientos y competiciones. <strong>Compra la camiseta personalizada de<\/strong> <strong>motocross<\/strong> y personal\u00edzala con tus patrocinadores, nombre y n\u00famero para un look \u00fanico y profesional, o incluso.<\/p>\n<p>\u00a1Hazla tuya y destaca en cada carrera!<\/p>\n<p><strong>Caracter\u00edsticas:<\/strong><\/p>\n<ul>\n<li><strong>Camiseta de motocross personalizada con nombre y n\u00famero<\/strong> en espalda<\/li>\n<li>A\u00f1ade tambi\u00e9n tus patrocinadores en la parte frontal de la camiseta<\/li>\n<li><strong>Con esta opci\u00f3n puedes a\u00f1adir tus patrocinadores en las mangas<\/strong><\/li>\n<li>Colores a juego con tu moto<\/li>\n<li>Tejido transpirable y de alta calidad<\/li>\n<li>Ideal para deportes OffRoad como motocross y enduro, entre otros.<\/li>\n<\/ul>\n<p>&nbsp;<\/p>\n<h3>IMPORTANTE<\/h3>\n<p>Este art\u00edculo forma parte de nuestra gama &#8220;personalizable&#8221;, por lo que necesita manipulaci\u00f3n extra para su personalizaci\u00f3n y su tiempo de entrega es de 5-7 d\u00edas h\u00e1biles.<\/p>\n<p>&nbsp;<\/p>\n<p>Tambi\u00e9n disponible la opci\u00f3n de <strong>personalizar tu camiseta de motocross barata<\/strong>\u00a0en las partes disponibles del frontal y la espalda:<\/p>\n<p><a href=\"https:\/\/daensport.com\/producto\/camiseta-offroad-motocross-enduro-custom-essential-edition-2024\/\"><img loading=\"lazy\" decoding=\"async\" class=\"alignnone wp-image-4501 size-medium\" src=\"https:\/\/daensport.com\/wp-content\/uploads\/2024\/06\/Camiseta-OffRoad-Izquierda-v1-2024-06-19-10.15.26-295x400.png\" alt=\"\" width=\"295\" height=\"400\" srcset=\"https:\/\/daensport.com\/wp-content\/uploads\/2024\/06\/Camiseta-OffRoad-Izquierda-v1-2024-06-19-10.15.26-295x400.png 295w, https:\/\/daensport.com\/wp-content\/uploads\/2024\/06\/Camiseta-OffRoad-Izquierda-v1-2024-06-19-10.15.26-755x1024.png 755w, https:\/\/daensport.com\/wp-content\/uploads\/2024\/06\/Camiseta-OffRoad-Izquierda-v1-2024-06-19-10.15.26-768x1042.png 768w, https:\/\/daensport.com\/wp-content\/uploads\/2024\/06\/Camiseta-OffRoad-Izquierda-v1-2024-06-19-10.15.26-600x814.png 600w, https:\/\/daensport.com\/wp-content\/uploads\/2024\/06\/Camiseta-OffRoad-Izquierda-v1-2024-06-19-10.15.26.png 884w\" sizes=\"auto, (max-width: 295px) 100vw, 295px\" \/><\/a><a href=\"https:\/\/daensport.com\/producto\/camiseta-offroad-motocross-enduro-custom-essential-edition-2024\/\"><img loading=\"lazy\" decoding=\"async\" class=\"alignnone wp-image-4499 size-medium\" src=\"https:\/\/daensport.com\/wp-content\/uploads\/2024\/06\/Camiseta-OffRoad-Derecha-v1-2024-06-19-10.15.26_Resized-295x400.png\" alt=\"\" width=\"295\" height=\"400\" srcset=\"https:\/\/daensport.com\/wp-content\/uploads\/2024\/06\/Camiseta-OffRoad-Derecha-v1-2024-06-19-10.15.26_Resized-295x400.png 295w, https:\/\/daensport.com\/wp-content\/uploads\/2024\/06\/Camiseta-OffRoad-Derecha-v1-2024-06-19-10.15.26_Resized-755x1024.png 755w, https:\/\/daensport.com\/wp-content\/uploads\/2024\/06\/Camiseta-OffRoad-Derecha-v1-2024-06-19-10.15.26_Resized-768x1042.png 768w, https:\/\/daensport.com\/wp-content\/uploads\/2024\/06\/Camiseta-OffRoad-Derecha-v1-2024-06-19-10.15.26_Resized-600x814.png 600w, https:\/\/daensport.com\/wp-content\/uploads\/2024\/06\/Camiseta-OffRoad-Derecha-v1-2024-06-19-10.15.26_Resized.png 884w\" sizes=\"auto, (max-width: 295px) 100vw, 295px\" \/><\/a><\/p>\n","protected":false},"excerpt":{"rendered":"<p><strong>Caracter\u00edsticas:<\/strong><\/p>\n<p><strong>Camiseta de motocross personalizada<\/strong><\/p>\n<ul>\n<li><strong>A\u00f1ade tu nombre y n\u00famero<\/strong> en espalda<\/li>\n<li>A\u00f1ade tus patrocinadores en la parte frontal<\/li>\n<li>A\u00f1ade tus patrocinadores en las mangas<\/li>\n<li>Colores a juego con tu moto<\/li>\n<li>Tejido transpirable y de alta calidad<\/li>\n<li>Ideal para motocross, enduro, entre otros.<\/li>\n<\/ul>\n","protected":false},"featured_media":4421,"template":"","meta":{"_acf_changed":false},"product_brand":[],"product_cat":[49,34,17,24,37],"product_tag":[140,78,142,86,141,85],"class_list":{"0":"post-4440","1":"product","2":"type-product","3":"status-publish","4":"has-post-thumbnail","6":"product_cat-freestyle-mx-1","7":"product_cat-motocross-1","8":"product_cat-motor-1","9":"product_cat-trial-moto-1","10":"product_cat-x-merchandising-1","11":"product_tag-140","12":"product_tag-camiseta","13":"product_tag-custom","14":"product_tag-fullprint","15":"product_tag-motocross","16":"product_tag-sublimacion","17":"product_shipping_class-bag-1kg","19":"first","20":"instock","21":"taxable","22":"shipping-taxable","23":"purchasable","24":"product-type-variable","25":"has-default-attributes"},"acf":[],"yoast_head":"<!-- This site is optimized with the Yoast SEO plugin v27.4 - https:\/\/yoast.com\/product\/yoast-seo-wordpress\/ -->\n<title>Camiseta OffRoad Motocross\/Enduro Custom Essential Edition - Mangas, Frontal y Espalda 2024 - Daen Sport<\/title>\n<meta name=\"robots\" content=\"index, follow, max-snippet:-1, max-image-preview:large, max-video-preview:-1\" \/>\n<link rel=\"canonical\" href=\"https:\/\/daensport.com\/en\/producto\/camiseta-offroad-motocross-enduro-custom-essential-edition-mangas-frontal-espalda-2024\/\" \/>\n<meta property=\"og:locale\" content=\"en_US\" \/>\n<meta property=\"og:type\" content=\"article\" \/>\n<meta property=\"og:title\" content=\"Camiseta OffRoad Motocross\/Enduro Custom Essential Edition - Mangas, Frontal y Espalda 2024 - Daen Sport\" \/>\n<meta property=\"og:description\" content=\"Caracter\u00edsticas:  Camiseta de motocross personalizada   A\u00f1ade tu nombre y n\u00famero en espalda  A\u00f1ade tus patrocinadores en la parte frontal  A\u00f1ade tus patrocinadores en las mangas  Colores a juego con tu moto  Tejido transpirable y de alta calidad  Ideal para motocross, enduro, entre otros.\" \/>\n<meta property=\"og:url\" content=\"https:\/\/daensport.com\/en\/producto\/camiseta-offroad-motocross-enduro-custom-essential-edition-mangas-frontal-espalda-2024\/\" \/>\n<meta property=\"og:site_name\" content=\"Daen Sport\" \/>\n<meta property=\"article:publisher\" content=\"https:\/\/www.facebook.com\/pages\/Daen-Sport\" \/>\n<meta property=\"article:modified_time\" content=\"2025-07-01T09:19:17+00:00\" \/>\n<meta property=\"og:image\" content=\"https:\/\/daensport.com\/wp-content\/uploads\/2024\/06\/Camiseta-OffRoad-Izquierda-v1-2024-06-15-12.49.28.png\" \/>\n\t<meta property=\"og:image:width\" content=\"884\" \/>\n\t<meta property=\"og:image:height\" content=\"1200\" \/>\n\t<meta property=\"og:image:type\" content=\"image\/png\" \/>\n<meta name=\"twitter:card\" content=\"summary_large_image\" \/>\n<meta name=\"twitter:label1\" content=\"Est. reading time\" \/>\n\t<meta name=\"twitter:data1\" content=\"2 minutes\" \/>\n<script type=\"application\/ld+json\" class=\"yoast-schema-graph\">{\"@context\":\"https:\\\/\\\/schema.org\",\"@graph\":[{\"@type\":\"WebPage\",\"@id\":\"https:\\\/\\\/daensport.com\\\/en\\\/producto\\\/camiseta-offroad-motocross-enduro-custom-essential-edition-mangas-frontal-espalda-2024\\\/\",\"url\":\"https:\\\/\\\/daensport.com\\\/en\\\/producto\\\/camiseta-offroad-motocross-enduro-custom-essential-edition-mangas-frontal-espalda-2024\\\/\",\"name\":\"Camiseta OffRoad Motocross\\\/Enduro Custom Essential Edition - Mangas, Frontal y Espalda 2024 - Daen Sport\",\"isPartOf\":{\"@id\":\"https:\\\/\\\/daensport.com\\\/en\\\/#website\"},\"primaryImageOfPage\":{\"@id\":\"https:\\\/\\\/daensport.com\\\/en\\\/producto\\\/camiseta-offroad-motocross-enduro-custom-essential-edition-mangas-frontal-espalda-2024\\\/#primaryimage\"},\"image\":{\"@id\":\"https:\\\/\\\/daensport.com\\\/en\\\/producto\\\/camiseta-offroad-motocross-enduro-custom-essential-edition-mangas-frontal-espalda-2024\\\/#primaryimage\"},\"thumbnailUrl\":\"https:\\\/\\\/daensport.com\\\/wp-content\\\/uploads\\\/2024\\\/06\\\/Camiseta-OffRoad-Izquierda-v1-2024-06-15-12.49.28.png\",\"datePublished\":\"2024-06-17T11:24:53+00:00\",\"dateModified\":\"2025-07-01T09:19:17+00:00\",\"breadcrumb\":{\"@id\":\"https:\\\/\\\/daensport.com\\\/en\\\/producto\\\/camiseta-offroad-motocross-enduro-custom-essential-edition-mangas-frontal-espalda-2024\\\/#breadcrumb\"},\"inLanguage\":\"en-US\",\"potentialAction\":[{\"@type\":\"ReadAction\",\"target\":[\"https:\\\/\\\/daensport.com\\\/en\\\/producto\\\/camiseta-offroad-motocross-enduro-custom-essential-edition-mangas-frontal-espalda-2024\\\/\"]}]},{\"@type\":\"ImageObject\",\"inLanguage\":\"en-US\",\"@id\":\"https:\\\/\\\/daensport.com\\\/en\\\/producto\\\/camiseta-offroad-motocross-enduro-custom-essential-edition-mangas-frontal-espalda-2024\\\/#primaryimage\",\"url\":\"https:\\\/\\\/daensport.com\\\/wp-content\\\/uploads\\\/2024\\\/06\\\/Camiseta-OffRoad-Izquierda-v1-2024-06-15-12.49.28.png\",\"contentUrl\":\"https:\\\/\\\/daensport.com\\\/wp-content\\\/uploads\\\/2024\\\/06\\\/Camiseta-OffRoad-Izquierda-v1-2024-06-15-12.49.28.png\",\"width\":884,\"height\":1200},{\"@type\":\"BreadcrumbList\",\"@id\":\"https:\\\/\\\/daensport.com\\\/en\\\/producto\\\/camiseta-offroad-motocross-enduro-custom-essential-edition-mangas-frontal-espalda-2024\\\/#breadcrumb\",\"itemListElement\":[{\"@type\":\"ListItem\",\"position\":1,\"name\":\"Homepage\",\"item\":\"https:\\\/\\\/daensport.com\\\/en\\\/\"},{\"@type\":\"ListItem\",\"position\":2,\"name\":\"Store\",\"item\":\"https:\\\/\\\/daensport.com\\\/en\\\/store\\\/\"},{\"@type\":\"ListItem\",\"position\":3,\"name\":\"Camiseta OffRoad Motocross\\\/Enduro Custom Essential Edition &#8211; Mangas, Frontal y Espalda 2024\"}]},{\"@type\":\"WebSite\",\"@id\":\"https:\\\/\\\/daensport.com\\\/en\\\/#website\",\"url\":\"https:\\\/\\\/daensport.com\\\/en\\\/\",\"name\":\"Daen Sport\",\"description\":\"Fabricamos tu ropa personalizada y exclusiva. 100% Made in Spain.\",\"publisher\":{\"@id\":\"https:\\\/\\\/daensport.com\\\/en\\\/#organization\"},\"potentialAction\":[{\"@type\":\"SearchAction\",\"target\":{\"@type\":\"EntryPoint\",\"urlTemplate\":\"https:\\\/\\\/daensport.com\\\/en\\\/?s={search_term_string}\"},\"query-input\":{\"@type\":\"PropertyValueSpecification\",\"valueRequired\":true,\"valueName\":\"search_term_string\"}}],\"inLanguage\":\"en-US\"},{\"@type\":\"Organization\",\"@id\":\"https:\\\/\\\/daensport.com\\\/en\\\/#organization\",\"name\":\"Daen Sport\",\"url\":\"https:\\\/\\\/daensport.com\\\/en\\\/\",\"logo\":{\"@type\":\"ImageObject\",\"inLanguage\":\"en-US\",\"@id\":\"https:\\\/\\\/daensport.com\\\/en\\\/#\\\/schema\\\/logo\\\/image\\\/\",\"url\":\"https:\\\/\\\/daensport.com\\\/wp-content\\\/uploads\\\/2021\\\/08\\\/favicon.png\",\"contentUrl\":\"https:\\\/\\\/daensport.com\\\/wp-content\\\/uploads\\\/2021\\\/08\\\/favicon.png\",\"width\":42,\"height\":42,\"caption\":\"Daen Sport\"},\"image\":{\"@id\":\"https:\\\/\\\/daensport.com\\\/en\\\/#\\\/schema\\\/logo\\\/image\\\/\"},\"sameAs\":[\"https:\\\/\\\/www.facebook.com\\\/pages\\\/Daen-Sport\",\"https:\\\/\\\/www.instagram.com\\\/daensport\"]}]}<\/script>\n<!-- \/ Yoast SEO plugin. -->","yoast_head_json":{"title":"Camiseta OffRoad Motocross\/Enduro Custom Essential Edition - Mangas, Frontal y Espalda 2024 - Daen Sport","robots":{"index":"index","follow":"follow","max-snippet":"max-snippet:-1","max-image-preview":"max-image-preview:large","max-video-preview":"max-video-preview:-1"},"canonical":"https:\/\/daensport.com\/en\/producto\/camiseta-offroad-motocross-enduro-custom-essential-edition-mangas-frontal-espalda-2024\/","og_locale":"en_US","og_type":"article","og_title":"Camiseta OffRoad Motocross\/Enduro Custom Essential Edition - Mangas, Frontal y Espalda 2024 - Daen Sport","og_description":"Caracter\u00edsticas:  Camiseta de motocross personalizada   A\u00f1ade tu nombre y n\u00famero en espalda  A\u00f1ade tus patrocinadores en la parte frontal  A\u00f1ade tus patrocinadores en las mangas  Colores a juego con tu moto  Tejido transpirable y de alta calidad  Ideal para motocross, enduro, entre otros.","og_url":"https:\/\/daensport.com\/en\/producto\/camiseta-offroad-motocross-enduro-custom-essential-edition-mangas-frontal-espalda-2024\/","og_site_name":"Daen Sport","article_publisher":"https:\/\/www.facebook.com\/pages\/Daen-Sport","article_modified_time":"2025-07-01T09:19:17+00:00","og_image":[{"width":884,"height":1200,"url":"https:\/\/daensport.com\/wp-content\/uploads\/2024\/06\/Camiseta-OffRoad-Izquierda-v1-2024-06-15-12.49.28.png","type":"image\/png"}],"twitter_card":"summary_large_image","twitter_misc":{"Est. reading time":"2 minutes"},"schema":{"@context":"https:\/\/schema.org","@graph":[{"@type":"WebPage","@id":"https:\/\/daensport.com\/en\/producto\/camiseta-offroad-motocross-enduro-custom-essential-edition-mangas-frontal-espalda-2024\/","url":"https:\/\/daensport.com\/en\/producto\/camiseta-offroad-motocross-enduro-custom-essential-edition-mangas-frontal-espalda-2024\/","name":"Camiseta OffRoad Motocross\/Enduro Custom Essential Edition - Mangas, Frontal y Espalda 2024 - Daen Sport","isPartOf":{"@id":"https:\/\/daensport.com\/en\/#website"},"primaryImageOfPage":{"@id":"https:\/\/daensport.com\/en\/producto\/camiseta-offroad-motocross-enduro-custom-essential-edition-mangas-frontal-espalda-2024\/#primaryimage"},"image":{"@id":"https:\/\/daensport.com\/en\/producto\/camiseta-offroad-motocross-enduro-custom-essential-edition-mangas-frontal-espalda-2024\/#primaryimage"},"thumbnailUrl":"https:\/\/daensport.com\/wp-content\/uploads\/2024\/06\/Camiseta-OffRoad-Izquierda-v1-2024-06-15-12.49.28.png","datePublished":"2024-06-17T11:24:53+00:00","dateModified":"2025-07-01T09:19:17+00:00","breadcrumb":{"@id":"https:\/\/daensport.com\/en\/producto\/camiseta-offroad-motocross-enduro-custom-essential-edition-mangas-frontal-espalda-2024\/#breadcrumb"},"inLanguage":"en-US","potentialAction":[{"@type":"ReadAction","target":["https:\/\/daensport.com\/en\/producto\/camiseta-offroad-motocross-enduro-custom-essential-edition-mangas-frontal-espalda-2024\/"]}]},{"@type":"ImageObject","inLanguage":"en-US","@id":"https:\/\/daensport.com\/en\/producto\/camiseta-offroad-motocross-enduro-custom-essential-edition-mangas-frontal-espalda-2024\/#primaryimage","url":"https:\/\/daensport.com\/wp-content\/uploads\/2024\/06\/Camiseta-OffRoad-Izquierda-v1-2024-06-15-12.49.28.png","contentUrl":"https:\/\/daensport.com\/wp-content\/uploads\/2024\/06\/Camiseta-OffRoad-Izquierda-v1-2024-06-15-12.49.28.png","width":884,"height":1200},{"@type":"BreadcrumbList","@id":"https:\/\/daensport.com\/en\/producto\/camiseta-offroad-motocross-enduro-custom-essential-edition-mangas-frontal-espalda-2024\/#breadcrumb","itemListElement":[{"@type":"ListItem","position":1,"name":"Homepage","item":"https:\/\/daensport.com\/en\/"},{"@type":"ListItem","position":2,"name":"Store","item":"https:\/\/daensport.com\/en\/store\/"},{"@type":"ListItem","position":3,"name":"Camiseta OffRoad Motocross\/Enduro Custom Essential Edition &#8211; Mangas, Frontal y Espalda 2024"}]},{"@type":"WebSite","@id":"https:\/\/daensport.com\/en\/#website","url":"https:\/\/daensport.com\/en\/","name":"Daen Sport","description":"Fabricamos tu ropa personalizada y exclusiva. 100% Made in Spain.","publisher":{"@id":"https:\/\/daensport.com\/en\/#organization"},"potentialAction":[{"@type":"SearchAction","target":{"@type":"EntryPoint","urlTemplate":"https:\/\/daensport.com\/en\/?s={search_term_string}"},"query-input":{"@type":"PropertyValueSpecification","valueRequired":true,"valueName":"search_term_string"}}],"inLanguage":"en-US"},{"@type":"Organization","@id":"https:\/\/daensport.com\/en\/#organization","name":"Daen Sport","url":"https:\/\/daensport.com\/en\/","logo":{"@type":"ImageObject","inLanguage":"en-US","@id":"https:\/\/daensport.com\/en\/#\/schema\/logo\/image\/","url":"https:\/\/daensport.com\/wp-content\/uploads\/2021\/08\/favicon.png","contentUrl":"https:\/\/daensport.com\/wp-content\/uploads\/2021\/08\/favicon.png","width":42,"height":42,"caption":"Daen Sport"},"image":{"@id":"https:\/\/daensport.com\/en\/#\/schema\/logo\/image\/"},"sameAs":["https:\/\/www.facebook.com\/pages\/Daen-Sport","https:\/\/www.instagram.com\/daensport"]}]}},"_links":{"self":[{"href":"https:\/\/daensport.com\/en\/wp-json\/wp\/v2\/product\/4440","targetHints":{"allow":["GET"]}}],"collection":[{"href":"https:\/\/daensport.com\/en\/wp-json\/wp\/v2\/product"}],"about":[{"href":"https:\/\/daensport.com\/en\/wp-json\/wp\/v2\/types\/product"}],"wp:featuredmedia":[{"embeddable":true,"href":"https:\/\/daensport.com\/en\/wp-json\/wp\/v2\/media\/4421"}],"wp:attachment":[{"href":"https:\/\/daensport.com\/en\/wp-json\/wp\/v2\/media?parent=4440"}],"wp:term":[{"taxonomy":"product_brand","embeddable":true,"href":"https:\/\/daensport.com\/en\/wp-json\/wp\/v2\/product_brand?post=4440"},{"taxonomy":"product_cat","embeddable":true,"href":"https:\/\/daensport.com\/en\/wp-json\/wp\/v2\/product_cat?post=4440"},{"taxonomy":"product_tag","embeddable":true,"href":"https:\/\/daensport.com\/en\/wp-json\/wp\/v2\/product_tag?post=4440"}],"curies":[{"name":"wp","href":"https:\/\/api.w.org\/{rel}","templated":true}]}}