{"id":4267,"date":"2024-06-01T09:54:26","date_gmt":"2024-06-01T09:54:26","guid":{"rendered":"https:\/\/daensport.com\/?post_type=product&#038;p=4267"},"modified":"2025-09-13T22:07:14","modified_gmt":"2025-09-13T22:07:14","slug":"camiseta-personalizada-dtf-algodon-alta-calidad","status":"publish","type":"product","link":"https:\/\/daensport.com\/en\/producto\/camiseta-personalizada-dtf-algodon-alta-calidad\/","title":{"rendered":"Camiseta Personalizada en DTF 100% Algod\u00f3n Alta Calidad"},"content":{"rendered":"<h3>Camiseta Personalizada DTF en tejido de 100% algod\u00f3n de alta calidad.<\/h3>\n<p>Nuestra camiseta de algod\u00f3n premium es la base perfecta para tus camiseta personalizada en DTF.<\/p>\n<p>Utiliza nuestra APP WEB donde puedes agregar logos, im\u00e1genes, textos o gr\u00e1ficos y comprar tu camiseta personalizada en DTF de forma r\u00e1pida y sencilla.<\/p>\n<p>Fabricada con algod\u00f3n de alta calidad, garantiza durabilidad y comodidad, ideal tanto para uso personal como profesional.<\/p>\n<p>Simplemente sube tus im\u00e1genes o logos, agrega tu texto y nosotros nos encargamos del resto.<\/p>\n<p>\u00a1Crea, dise\u00f1a y destaca!<\/p>\n<p>&nbsp;<\/p>\n<p><em><strong>Datos T\u00e9cnicos del tejido:<\/strong><\/em><\/p>\n<ul>\n<li><em>100% algod\u00f3n<\/em><\/li>\n<li><em>Punto liso<\/em><\/li>\n<li><em>165 g\/m\u00b2 (Colores)<\/em><\/li>\n<li><em>180 g\/m\u00b2 (Blanco)<\/em><\/li>\n<li><em>Lavar m\u00e1ximo a 30\u00ba (mayor durabilidad del dise\u00f1o DTF)<\/em><\/li>\n<\/ul>\n<p>&nbsp;<\/p>\n","protected":false},"excerpt":{"rendered":"<p>Dise\u00f1a y compra tu camiseta personalizada ya mismo, sin esperas.<\/p>\n<ul>\n<li>Tejido 100% Algod\u00f3n de alta calidad.<\/li>\n<li>Gran variedad de tallas y colores disponibles.<\/li>\n<li>Camiseta personalizable con logotipos y\/o textos en la parte Frontal y\/o Trasera.<\/li>\n<li>Tecnolog\u00eda DTF para impresiones duraderas y vibrantes<\/li>\n<li>C\u00f3moda y resistente, ideal para uso diario.<\/li>\n<\/ul>\n","protected":false},"featured_media":5300,"template":"","meta":{"_acf_changed":false},"product_brand":[],"product_cat":[89,15,28,37],"product_tag":[160,78,142,256,157,81],"class_list":{"0":"post-4267","1":"product","2":"type-product","3":"status-publish","4":"has-post-thumbnail","6":"product_cat-camiseta-b","7":"product_cat-otros-productos","8":"product_cat-x-casual-1","9":"product_cat-x-merchandising-1","10":"product_tag-algodon","11":"product_tag-camiseta","12":"product_tag-custom","13":"product_tag-custom-dtf","14":"product_tag-dtf","15":"product_tag-transfer","16":"product_shipping_class-bag-1kg","18":"first","19":"instock","20":"taxable","21":"shipping-taxable","22":"purchasable","23":"product-type-variable"},"acf":[],"yoast_head":"<!-- This site is optimized with the Yoast SEO plugin v27.5 - https:\/\/yoast.com\/product\/yoast-seo-wordpress\/ -->\n<title>Camiseta Personalizada en DTF 100% Algod\u00f3n Alta Calidad - Daen Sport<\/title>\n<meta name=\"robots\" content=\"index, follow, max-snippet:-1, max-image-preview:large, max-video-preview:-1\" \/>\n<link rel=\"canonical\" href=\"https:\/\/daensport.com\/en\/producto\/camiseta-personalizada-dtf-algodon-alta-calidad\/\" \/>\n<meta property=\"og:locale\" content=\"en_US\" \/>\n<meta property=\"og:type\" content=\"article\" \/>\n<meta property=\"og:title\" content=\"Camiseta Personalizada en DTF 100% Algod\u00f3n Alta Calidad - Daen Sport\" \/>\n<meta property=\"og:description\" content=\"Dise\u00f1a y compra tu camiseta personalizada ya mismo, sin esperas.   Tejido 100% Algod\u00f3n de alta calidad.  Gran variedad de tallas y colores disponibles.  Camiseta personalizable con logotipos y\/o textos en la parte Frontal y\/o Trasera.  Tecnolog\u00eda DTF para impresiones duraderas y vibrantes  C\u00f3moda y resistente, ideal para uso diario.\" \/>\n<meta property=\"og:url\" content=\"https:\/\/daensport.com\/en\/producto\/camiseta-personalizada-dtf-algodon-alta-calidad\/\" \/>\n<meta property=\"og:site_name\" content=\"Daen Sport\" \/>\n<meta property=\"article:publisher\" content=\"https:\/\/www.facebook.com\/pages\/Daen-Sport\" \/>\n<meta property=\"article:modified_time\" content=\"2025-09-13T22:07:14+00:00\" \/>\n<meta property=\"og:image\" content=\"https:\/\/daensport.com\/wp-content\/uploads\/2024\/08\/Camiseta-CS1-DTF.png\" \/>\n\t<meta property=\"og:image:width\" content=\"240\" \/>\n\t<meta property=\"og:image:height\" content=\"264\" \/>\n\t<meta property=\"og:image:type\" content=\"image\/png\" \/>\n<meta name=\"twitter:card\" content=\"summary_large_image\" \/>\n<meta name=\"twitter:label1\" content=\"Est. reading time\" \/>\n\t<meta name=\"twitter:data1\" content=\"1 minute\" \/>\n<script type=\"application\/ld+json\" class=\"yoast-schema-graph\">{\"@context\":\"https:\\\/\\\/schema.org\",\"@graph\":[{\"@type\":\"WebPage\",\"@id\":\"https:\\\/\\\/daensport.com\\\/en\\\/producto\\\/camiseta-personalizada-dtf-algodon-alta-calidad\\\/\",\"url\":\"https:\\\/\\\/daensport.com\\\/en\\\/producto\\\/camiseta-personalizada-dtf-algodon-alta-calidad\\\/\",\"name\":\"Camiseta Personalizada en DTF 100% Algod\u00f3n Alta Calidad - Daen Sport\",\"isPartOf\":{\"@id\":\"https:\\\/\\\/daensport.com\\\/en\\\/#website\"},\"primaryImageOfPage\":{\"@id\":\"https:\\\/\\\/daensport.com\\\/en\\\/producto\\\/camiseta-personalizada-dtf-algodon-alta-calidad\\\/#primaryimage\"},\"image\":{\"@id\":\"https:\\\/\\\/daensport.com\\\/en\\\/producto\\\/camiseta-personalizada-dtf-algodon-alta-calidad\\\/#primaryimage\"},\"thumbnailUrl\":\"https:\\\/\\\/daensport.com\\\/wp-content\\\/uploads\\\/2024\\\/08\\\/Camiseta-CS1-DTF.png\",\"datePublished\":\"2024-06-01T09:54:26+00:00\",\"dateModified\":\"2025-09-13T22:07:14+00:00\",\"breadcrumb\":{\"@id\":\"https:\\\/\\\/daensport.com\\\/en\\\/producto\\\/camiseta-personalizada-dtf-algodon-alta-calidad\\\/#breadcrumb\"},\"inLanguage\":\"en-US\",\"potentialAction\":[{\"@type\":\"ReadAction\",\"target\":[\"https:\\\/\\\/daensport.com\\\/en\\\/producto\\\/camiseta-personalizada-dtf-algodon-alta-calidad\\\/\"]}]},{\"@type\":\"ImageObject\",\"inLanguage\":\"en-US\",\"@id\":\"https:\\\/\\\/daensport.com\\\/en\\\/producto\\\/camiseta-personalizada-dtf-algodon-alta-calidad\\\/#primaryimage\",\"url\":\"https:\\\/\\\/daensport.com\\\/wp-content\\\/uploads\\\/2024\\\/08\\\/Camiseta-CS1-DTF.png\",\"contentUrl\":\"https:\\\/\\\/daensport.com\\\/wp-content\\\/uploads\\\/2024\\\/08\\\/Camiseta-CS1-DTF.png\",\"width\":240,\"height\":264},{\"@type\":\"BreadcrumbList\",\"@id\":\"https:\\\/\\\/daensport.com\\\/en\\\/producto\\\/camiseta-personalizada-dtf-algodon-alta-calidad\\\/#breadcrumb\",\"itemListElement\":[{\"@type\":\"ListItem\",\"position\":1,\"name\":\"Homepage\",\"item\":\"https:\\\/\\\/daensport.com\\\/en\\\/\"},{\"@type\":\"ListItem\",\"position\":2,\"name\":\"Store\",\"item\":\"https:\\\/\\\/daensport.com\\\/en\\\/store\\\/\"},{\"@type\":\"ListItem\",\"position\":3,\"name\":\"Camiseta Personalizada en DTF 100% Algod\u00f3n Alta Calidad\"}]},{\"@type\":\"WebSite\",\"@id\":\"https:\\\/\\\/daensport.com\\\/en\\\/#website\",\"url\":\"https:\\\/\\\/daensport.com\\\/en\\\/\",\"name\":\"Daen Sport\",\"description\":\"Fabricamos tu ropa personalizada y exclusiva. 100% Made in Spain.\",\"publisher\":{\"@id\":\"https:\\\/\\\/daensport.com\\\/en\\\/#organization\"},\"potentialAction\":[{\"@type\":\"SearchAction\",\"target\":{\"@type\":\"EntryPoint\",\"urlTemplate\":\"https:\\\/\\\/daensport.com\\\/en\\\/?s={search_term_string}\"},\"query-input\":{\"@type\":\"PropertyValueSpecification\",\"valueRequired\":true,\"valueName\":\"search_term_string\"}}],\"inLanguage\":\"en-US\"},{\"@type\":\"Organization\",\"@id\":\"https:\\\/\\\/daensport.com\\\/en\\\/#organization\",\"name\":\"Daen Sport\",\"url\":\"https:\\\/\\\/daensport.com\\\/en\\\/\",\"logo\":{\"@type\":\"ImageObject\",\"inLanguage\":\"en-US\",\"@id\":\"https:\\\/\\\/daensport.com\\\/en\\\/#\\\/schema\\\/logo\\\/image\\\/\",\"url\":\"https:\\\/\\\/daensport.com\\\/wp-content\\\/uploads\\\/2021\\\/08\\\/favicon.png\",\"contentUrl\":\"https:\\\/\\\/daensport.com\\\/wp-content\\\/uploads\\\/2021\\\/08\\\/favicon.png\",\"width\":42,\"height\":42,\"caption\":\"Daen Sport\"},\"image\":{\"@id\":\"https:\\\/\\\/daensport.com\\\/en\\\/#\\\/schema\\\/logo\\\/image\\\/\"},\"sameAs\":[\"https:\\\/\\\/www.facebook.com\\\/pages\\\/Daen-Sport\",\"https:\\\/\\\/www.instagram.com\\\/daensport\"]}]}<\/script>\n<!-- \/ Yoast SEO plugin. -->","yoast_head_json":{"title":"Camiseta Personalizada en DTF 100% Algod\u00f3n Alta Calidad - Daen Sport","robots":{"index":"index","follow":"follow","max-snippet":"max-snippet:-1","max-image-preview":"max-image-preview:large","max-video-preview":"max-video-preview:-1"},"canonical":"https:\/\/daensport.com\/en\/producto\/camiseta-personalizada-dtf-algodon-alta-calidad\/","og_locale":"en_US","og_type":"article","og_title":"Camiseta Personalizada en DTF 100% Algod\u00f3n Alta Calidad - Daen Sport","og_description":"Dise\u00f1a y compra tu camiseta personalizada ya mismo, sin esperas.   Tejido 100% Algod\u00f3n de alta calidad.  Gran variedad de tallas y colores disponibles.  Camiseta personalizable con logotipos y\/o textos en la parte Frontal y\/o Trasera.  Tecnolog\u00eda DTF para impresiones duraderas y vibrantes  C\u00f3moda y resistente, ideal para uso diario.","og_url":"https:\/\/daensport.com\/en\/producto\/camiseta-personalizada-dtf-algodon-alta-calidad\/","og_site_name":"Daen Sport","article_publisher":"https:\/\/www.facebook.com\/pages\/Daen-Sport","article_modified_time":"2025-09-13T22:07:14+00:00","og_image":[{"width":240,"height":264,"url":"https:\/\/daensport.com\/wp-content\/uploads\/2024\/08\/Camiseta-CS1-DTF.png","type":"image\/png"}],"twitter_card":"summary_large_image","twitter_misc":{"Est. reading time":"1 minute"},"schema":{"@context":"https:\/\/schema.org","@graph":[{"@type":"WebPage","@id":"https:\/\/daensport.com\/en\/producto\/camiseta-personalizada-dtf-algodon-alta-calidad\/","url":"https:\/\/daensport.com\/en\/producto\/camiseta-personalizada-dtf-algodon-alta-calidad\/","name":"Camiseta Personalizada en DTF 100% Algod\u00f3n Alta Calidad - Daen Sport","isPartOf":{"@id":"https:\/\/daensport.com\/en\/#website"},"primaryImageOfPage":{"@id":"https:\/\/daensport.com\/en\/producto\/camiseta-personalizada-dtf-algodon-alta-calidad\/#primaryimage"},"image":{"@id":"https:\/\/daensport.com\/en\/producto\/camiseta-personalizada-dtf-algodon-alta-calidad\/#primaryimage"},"thumbnailUrl":"https:\/\/daensport.com\/wp-content\/uploads\/2024\/08\/Camiseta-CS1-DTF.png","datePublished":"2024-06-01T09:54:26+00:00","dateModified":"2025-09-13T22:07:14+00:00","breadcrumb":{"@id":"https:\/\/daensport.com\/en\/producto\/camiseta-personalizada-dtf-algodon-alta-calidad\/#breadcrumb"},"inLanguage":"en-US","potentialAction":[{"@type":"ReadAction","target":["https:\/\/daensport.com\/en\/producto\/camiseta-personalizada-dtf-algodon-alta-calidad\/"]}]},{"@type":"ImageObject","inLanguage":"en-US","@id":"https:\/\/daensport.com\/en\/producto\/camiseta-personalizada-dtf-algodon-alta-calidad\/#primaryimage","url":"https:\/\/daensport.com\/wp-content\/uploads\/2024\/08\/Camiseta-CS1-DTF.png","contentUrl":"https:\/\/daensport.com\/wp-content\/uploads\/2024\/08\/Camiseta-CS1-DTF.png","width":240,"height":264},{"@type":"BreadcrumbList","@id":"https:\/\/daensport.com\/en\/producto\/camiseta-personalizada-dtf-algodon-alta-calidad\/#breadcrumb","itemListElement":[{"@type":"ListItem","position":1,"name":"Homepage","item":"https:\/\/daensport.com\/en\/"},{"@type":"ListItem","position":2,"name":"Store","item":"https:\/\/daensport.com\/en\/store\/"},{"@type":"ListItem","position":3,"name":"Camiseta Personalizada en DTF 100% Algod\u00f3n Alta Calidad"}]},{"@type":"WebSite","@id":"https:\/\/daensport.com\/en\/#website","url":"https:\/\/daensport.com\/en\/","name":"Daen Sport","description":"Fabricamos tu ropa personalizada y exclusiva. 100% Made in Spain.","publisher":{"@id":"https:\/\/daensport.com\/en\/#organization"},"potentialAction":[{"@type":"SearchAction","target":{"@type":"EntryPoint","urlTemplate":"https:\/\/daensport.com\/en\/?s={search_term_string}"},"query-input":{"@type":"PropertyValueSpecification","valueRequired":true,"valueName":"search_term_string"}}],"inLanguage":"en-US"},{"@type":"Organization","@id":"https:\/\/daensport.com\/en\/#organization","name":"Daen Sport","url":"https:\/\/daensport.com\/en\/","logo":{"@type":"ImageObject","inLanguage":"en-US","@id":"https:\/\/daensport.com\/en\/#\/schema\/logo\/image\/","url":"https:\/\/daensport.com\/wp-content\/uploads\/2021\/08\/favicon.png","contentUrl":"https:\/\/daensport.com\/wp-content\/uploads\/2021\/08\/favicon.png","width":42,"height":42,"caption":"Daen Sport"},"image":{"@id":"https:\/\/daensport.com\/en\/#\/schema\/logo\/image\/"},"sameAs":["https:\/\/www.facebook.com\/pages\/Daen-Sport","https:\/\/www.instagram.com\/daensport"]}]}},"_links":{"self":[{"href":"https:\/\/daensport.com\/en\/wp-json\/wp\/v2\/product\/4267","targetHints":{"allow":["GET"]}}],"collection":[{"href":"https:\/\/daensport.com\/en\/wp-json\/wp\/v2\/product"}],"about":[{"href":"https:\/\/daensport.com\/en\/wp-json\/wp\/v2\/types\/product"}],"wp:featuredmedia":[{"embeddable":true,"href":"https:\/\/daensport.com\/en\/wp-json\/wp\/v2\/media\/5300"}],"wp:attachment":[{"href":"https:\/\/daensport.com\/en\/wp-json\/wp\/v2\/media?parent=4267"}],"wp:term":[{"taxonomy":"product_brand","embeddable":true,"href":"https:\/\/daensport.com\/en\/wp-json\/wp\/v2\/product_brand?post=4267"},{"taxonomy":"product_cat","embeddable":true,"href":"https:\/\/daensport.com\/en\/wp-json\/wp\/v2\/product_cat?post=4267"},{"taxonomy":"product_tag","embeddable":true,"href":"https:\/\/daensport.com\/en\/wp-json\/wp\/v2\/product_tag?post=4267"}],"curies":[{"name":"wp","href":"https:\/\/api.w.org\/{rel}","templated":true}]}}