{"id":2619,"date":"2023-05-22T13:54:32","date_gmt":"2023-05-22T13:54:32","guid":{"rendered":"https:\/\/daensport.com\/?post_type=product&#038;p=2619"},"modified":"2024-06-01T10:00:21","modified_gmt":"2024-06-01T10:00:21","slug":"articulo-temporal","status":"publish","type":"product","link":"https:\/\/daensport.com\/en\/producto\/articulo-temporal\/","title":{"rendered":"Articulo Temporal &#8211; Privado (SG1 Bl TL)"},"content":{"rendered":"<hr \/>\n<h3>ARTICULO TEMPORAL\u00a0 \u00a0 &#8211;\u00a0 \u00a0PRIVADO<\/h3>\n<hr \/>\n<p><strong>IMPORTANTE:<\/strong> Este es un producto para la realizaci\u00f3n de la compra de art\u00edculos solicitados espec\u00edficamente.<br \/>\nContacta con nosotros antes de realizar la compra de este producto para que generemos el art\u00edculo que necesites.<br \/>\nGracias.<\/p>\n<hr \/>\n","protected":false},"excerpt":{"rendered":"<h3>ARTICULO TEMPORAL\u00a0 &#8211; PRIVADO<\/h3>\n<p>Sudadera de Capucha Blanca con logo DTF estampado en el frontal<br \/>\nUnidades: 1<br \/>\nTalla: L<\/p>\n<hr \/>\n<h6>*Este art\u00edculo ha sido generado tras una solicitud espec\u00edfica externa.<br \/>\nSi deseas realizar un pedido espec\u00edfico adaptado a tus necesidades, contacta con nosotros<br \/>\n<span style=\"color: #800000;\"><strong><a style=\"color: #800000;\" href=\"https:\/\/daensport.com\/contacto\/\">Contacto<\/a><\/strong><\/span><\/h6>\n","protected":false},"featured_media":0,"template":"","meta":{"_acf_changed":false},"product_brand":[],"product_cat":[15],"product_tag":[127],"class_list":{"0":"post-2619","1":"product","2":"type-product","3":"status-publish","5":"product_cat-otros-productos","6":"product_tag-temporal","7":"product_shipping_class-bag-1kg","9":"first","10":"outofstock","11":"taxable","12":"shipping-taxable","13":"product-type-simple"},"acf":[],"yoast_head":"<!-- This site is optimized with the Yoast SEO plugin v27.3 - https:\/\/yoast.com\/product\/yoast-seo-wordpress\/ -->\n<title>Articulo Temporal - Privado (SG1 Bl TL) - Daen Sport<\/title>\n<meta name=\"robots\" content=\"index, follow, max-snippet:-1, max-image-preview:large, max-video-preview:-1\" \/>\n<link rel=\"canonical\" href=\"https:\/\/daensport.com\/en\/producto\/articulo-temporal\/\" \/>\n<meta property=\"og:locale\" content=\"en_US\" \/>\n<meta property=\"og:type\" content=\"article\" \/>\n<meta property=\"og:title\" content=\"Articulo Temporal - Privado (SG1 Bl TL) - Daen Sport\" \/>\n<meta property=\"og:description\" content=\"ARTICULO TEMPORAL\u00a0 - PRIVADO Sudadera de Capucha Blanca con logo DTF estampado en el frontal Unidades: 1 Talla: L    *Este art\u00edculo ha sido generado tras una solicitud espec\u00edfica externa. Si deseas realizar un pedido espec\u00edfico adaptado a tus necesidades, contacta con nosotros Contacto\" \/>\n<meta property=\"og:url\" content=\"https:\/\/daensport.com\/en\/producto\/articulo-temporal\/\" \/>\n<meta property=\"og:site_name\" content=\"Daen Sport\" \/>\n<meta property=\"article:publisher\" content=\"https:\/\/www.facebook.com\/pages\/Daen-Sport\" \/>\n<meta property=\"article:modified_time\" content=\"2024-06-01T10:00:21+00:00\" \/>\n<meta property=\"og:image\" content=\"https:\/\/daensport.com\/wp-content\/uploads\/2021\/07\/Uniformes-Laborales-Principal-scaled.jpg\" \/>\n\t<meta property=\"og:image:width\" content=\"2560\" \/>\n\t<meta property=\"og:image:height\" content=\"1300\" \/>\n\t<meta property=\"og:image:type\" content=\"image\/jpeg\" \/>\n<meta name=\"twitter:card\" content=\"summary_large_image\" \/>\n<meta name=\"twitter:label1\" content=\"Est. reading time\" \/>\n\t<meta name=\"twitter:data1\" content=\"1 minute\" \/>\n<script type=\"application\/ld+json\" class=\"yoast-schema-graph\">{\"@context\":\"https:\\\/\\\/schema.org\",\"@graph\":[{\"@type\":\"WebPage\",\"@id\":\"https:\\\/\\\/daensport.com\\\/en\\\/producto\\\/articulo-temporal\\\/\",\"url\":\"https:\\\/\\\/daensport.com\\\/en\\\/producto\\\/articulo-temporal\\\/\",\"name\":\"Articulo Temporal - Privado (SG1 Bl TL) - Daen Sport\",\"isPartOf\":{\"@id\":\"https:\\\/\\\/daensport.com\\\/en\\\/#website\"},\"datePublished\":\"2023-05-22T13:54:32+00:00\",\"dateModified\":\"2024-06-01T10:00:21+00:00\",\"breadcrumb\":{\"@id\":\"https:\\\/\\\/daensport.com\\\/en\\\/producto\\\/articulo-temporal\\\/#breadcrumb\"},\"inLanguage\":\"en-US\",\"potentialAction\":[{\"@type\":\"ReadAction\",\"target\":[\"https:\\\/\\\/daensport.com\\\/en\\\/producto\\\/articulo-temporal\\\/\"]}]},{\"@type\":\"BreadcrumbList\",\"@id\":\"https:\\\/\\\/daensport.com\\\/en\\\/producto\\\/articulo-temporal\\\/#breadcrumb\",\"itemListElement\":[{\"@type\":\"ListItem\",\"position\":1,\"name\":\"Homepage\",\"item\":\"https:\\\/\\\/daensport.com\\\/en\\\/\"},{\"@type\":\"ListItem\",\"position\":2,\"name\":\"Store\",\"item\":\"https:\\\/\\\/daensport.com\\\/en\\\/store\\\/\"},{\"@type\":\"ListItem\",\"position\":3,\"name\":\"Articulo Temporal &#8211; Privado (SG1 Bl TL)\"}]},{\"@type\":\"WebSite\",\"@id\":\"https:\\\/\\\/daensport.com\\\/en\\\/#website\",\"url\":\"https:\\\/\\\/daensport.com\\\/en\\\/\",\"name\":\"Daen Sport\",\"description\":\"Fabricamos tu ropa personalizada y exclusiva. 100% Made in Spain.\",\"publisher\":{\"@id\":\"https:\\\/\\\/daensport.com\\\/en\\\/#organization\"},\"potentialAction\":[{\"@type\":\"SearchAction\",\"target\":{\"@type\":\"EntryPoint\",\"urlTemplate\":\"https:\\\/\\\/daensport.com\\\/en\\\/?s={search_term_string}\"},\"query-input\":{\"@type\":\"PropertyValueSpecification\",\"valueRequired\":true,\"valueName\":\"search_term_string\"}}],\"inLanguage\":\"en-US\"},{\"@type\":\"Organization\",\"@id\":\"https:\\\/\\\/daensport.com\\\/en\\\/#organization\",\"name\":\"Daen Sport\",\"url\":\"https:\\\/\\\/daensport.com\\\/en\\\/\",\"logo\":{\"@type\":\"ImageObject\",\"inLanguage\":\"en-US\",\"@id\":\"https:\\\/\\\/daensport.com\\\/en\\\/#\\\/schema\\\/logo\\\/image\\\/\",\"url\":\"https:\\\/\\\/daensport.com\\\/wp-content\\\/uploads\\\/2021\\\/08\\\/favicon.png\",\"contentUrl\":\"https:\\\/\\\/daensport.com\\\/wp-content\\\/uploads\\\/2021\\\/08\\\/favicon.png\",\"width\":42,\"height\":42,\"caption\":\"Daen Sport\"},\"image\":{\"@id\":\"https:\\\/\\\/daensport.com\\\/en\\\/#\\\/schema\\\/logo\\\/image\\\/\"},\"sameAs\":[\"https:\\\/\\\/www.facebook.com\\\/pages\\\/Daen-Sport\",\"https:\\\/\\\/www.instagram.com\\\/daensport\"]}]}<\/script>\n<!-- \/ Yoast SEO plugin. -->","yoast_head_json":{"title":"Articulo Temporal - Privado (SG1 Bl TL) - Daen Sport","robots":{"index":"index","follow":"follow","max-snippet":"max-snippet:-1","max-image-preview":"max-image-preview:large","max-video-preview":"max-video-preview:-1"},"canonical":"https:\/\/daensport.com\/en\/producto\/articulo-temporal\/","og_locale":"en_US","og_type":"article","og_title":"Articulo Temporal - Privado (SG1 Bl TL) - Daen Sport","og_description":"ARTICULO TEMPORAL\u00a0 - PRIVADO Sudadera de Capucha Blanca con logo DTF estampado en el frontal Unidades: 1 Talla: L    *Este art\u00edculo ha sido generado tras una solicitud espec\u00edfica externa. Si deseas realizar un pedido espec\u00edfico adaptado a tus necesidades, contacta con nosotros Contacto","og_url":"https:\/\/daensport.com\/en\/producto\/articulo-temporal\/","og_site_name":"Daen Sport","article_publisher":"https:\/\/www.facebook.com\/pages\/Daen-Sport","article_modified_time":"2024-06-01T10:00:21+00:00","og_image":[{"width":2560,"height":1300,"url":"https:\/\/daensport.com\/wp-content\/uploads\/2021\/07\/Uniformes-Laborales-Principal-scaled.jpg","type":"image\/jpeg"}],"twitter_card":"summary_large_image","twitter_misc":{"Est. reading time":"1 minute"},"schema":{"@context":"https:\/\/schema.org","@graph":[{"@type":"WebPage","@id":"https:\/\/daensport.com\/en\/producto\/articulo-temporal\/","url":"https:\/\/daensport.com\/en\/producto\/articulo-temporal\/","name":"Articulo Temporal - Privado (SG1 Bl TL) - Daen Sport","isPartOf":{"@id":"https:\/\/daensport.com\/en\/#website"},"datePublished":"2023-05-22T13:54:32+00:00","dateModified":"2024-06-01T10:00:21+00:00","breadcrumb":{"@id":"https:\/\/daensport.com\/en\/producto\/articulo-temporal\/#breadcrumb"},"inLanguage":"en-US","potentialAction":[{"@type":"ReadAction","target":["https:\/\/daensport.com\/en\/producto\/articulo-temporal\/"]}]},{"@type":"BreadcrumbList","@id":"https:\/\/daensport.com\/en\/producto\/articulo-temporal\/#breadcrumb","itemListElement":[{"@type":"ListItem","position":1,"name":"Homepage","item":"https:\/\/daensport.com\/en\/"},{"@type":"ListItem","position":2,"name":"Store","item":"https:\/\/daensport.com\/en\/store\/"},{"@type":"ListItem","position":3,"name":"Articulo Temporal &#8211; Privado (SG1 Bl TL)"}]},{"@type":"WebSite","@id":"https:\/\/daensport.com\/en\/#website","url":"https:\/\/daensport.com\/en\/","name":"Daen Sport","description":"Fabricamos tu ropa personalizada y exclusiva. 100% Made in Spain.","publisher":{"@id":"https:\/\/daensport.com\/en\/#organization"},"potentialAction":[{"@type":"SearchAction","target":{"@type":"EntryPoint","urlTemplate":"https:\/\/daensport.com\/en\/?s={search_term_string}"},"query-input":{"@type":"PropertyValueSpecification","valueRequired":true,"valueName":"search_term_string"}}],"inLanguage":"en-US"},{"@type":"Organization","@id":"https:\/\/daensport.com\/en\/#organization","name":"Daen Sport","url":"https:\/\/daensport.com\/en\/","logo":{"@type":"ImageObject","inLanguage":"en-US","@id":"https:\/\/daensport.com\/en\/#\/schema\/logo\/image\/","url":"https:\/\/daensport.com\/wp-content\/uploads\/2021\/08\/favicon.png","contentUrl":"https:\/\/daensport.com\/wp-content\/uploads\/2021\/08\/favicon.png","width":42,"height":42,"caption":"Daen Sport"},"image":{"@id":"https:\/\/daensport.com\/en\/#\/schema\/logo\/image\/"},"sameAs":["https:\/\/www.facebook.com\/pages\/Daen-Sport","https:\/\/www.instagram.com\/daensport"]}]}},"_links":{"self":[{"href":"https:\/\/daensport.com\/en\/wp-json\/wp\/v2\/product\/2619","targetHints":{"allow":["GET"]}}],"collection":[{"href":"https:\/\/daensport.com\/en\/wp-json\/wp\/v2\/product"}],"about":[{"href":"https:\/\/daensport.com\/en\/wp-json\/wp\/v2\/types\/product"}],"wp:attachment":[{"href":"https:\/\/daensport.com\/en\/wp-json\/wp\/v2\/media?parent=2619"}],"wp:term":[{"taxonomy":"product_brand","embeddable":true,"href":"https:\/\/daensport.com\/en\/wp-json\/wp\/v2\/product_brand?post=2619"},{"taxonomy":"product_cat","embeddable":true,"href":"https:\/\/daensport.com\/en\/wp-json\/wp\/v2\/product_cat?post=2619"},{"taxonomy":"product_tag","embeddable":true,"href":"https:\/\/daensport.com\/en\/wp-json\/wp\/v2\/product_tag?post=2619"}],"curies":[{"name":"wp","href":"https:\/\/api.w.org\/{rel}","templated":true}]}}