{"id":2039,"date":"2022-11-24T16:05:40","date_gmt":"2022-11-24T16:05:40","guid":{"rendered":"https:\/\/daensport.com\/?post_type=product&#038;p=2039"},"modified":"2026-01-12T19:36:53","modified_gmt":"2026-01-12T19:36:53","slug":"rfevb-anorak-oficial-de-la-real-federacion-espanola-de-voleibol-de-arbitros","status":"publish","type":"product","link":"https:\/\/daensport.com\/en\/producto\/rfevb-anorak-oficial-de-la-real-federacion-espanola-de-voleibol-de-arbitros\/","title":{"rendered":"RFEVB 4 Anorak Oficial del CTNA de la Real Federaci\u00f3n Espa\u00f1ola de Voleibol de Arbitros"},"content":{"rendered":"<h3>RFEVB Anorak Oficial de la Real Federaci\u00f3n Espa\u00f1ola de Voleibol de \u00c1rbitros<\/h3>\n<p>Este anorak es una prenda realizada en materiales de alta calidad con el escudo RFEVB bordado en la parte delantera y el texto de RFEVB bordado en la espalda.<\/p>\n<h3>Dise\u00f1o<\/h3>\n<p>Dise\u00f1o basado en la l\u00ednea de uniforme oficial de \u00e1rbitros de la Real Federaci\u00f3n Espa\u00f1ola de Voleibol.<\/p>\n","protected":false},"excerpt":{"rendered":"<p><strong><a href=\"https:\/\/daensport.com\/rfevb-arbitros\/\">Toda la colecci\u00f3n de art\u00edculos de Arbitros RFEVB aqu\u00ed<\/a><\/strong><\/p>\n","protected":false},"featured_media":2031,"template":"","meta":{"_acf_changed":false},"product_brand":[],"product_cat":[18,22],"product_tag":[97,90,96,93,92,91],"class_list":{"0":"post-2039","1":"product","2":"type-product","3":"status-publish","4":"has-post-thumbnail","6":"product_cat-multideporte-1","7":"product_cat-voleibol-1","8":"product_tag-anorak","9":"product_tag-arbitros","10":"product_tag-bordado","11":"product_tag-federacion","12":"product_tag-rfevb","13":"product_tag-voleibol","14":"product_shipping_class-box-small-5kg","16":"first","17":"instock","18":"taxable","19":"shipping-taxable","20":"purchasable","21":"product-type-variable","22":"has-default-attributes"},"acf":[],"yoast_head":"<!-- This site is optimized with the Yoast SEO plugin v27.4 - https:\/\/yoast.com\/product\/yoast-seo-wordpress\/ -->\n<title>RFEVB 4 Anorak Oficial del CTNA de la Real Federaci\u00f3n Espa\u00f1ola de Voleibol de Arbitros - Daen Sport<\/title>\n<meta name=\"robots\" content=\"index, follow, max-snippet:-1, max-image-preview:large, max-video-preview:-1\" \/>\n<link rel=\"canonical\" href=\"https:\/\/daensport.com\/en\/producto\/rfevb-anorak-oficial-de-la-real-federacion-espanola-de-voleibol-de-arbitros\/\" \/>\n<meta property=\"og:locale\" content=\"en_US\" \/>\n<meta property=\"og:type\" content=\"article\" \/>\n<meta property=\"og:title\" content=\"RFEVB 4 Anorak Oficial del CTNA de la Real Federaci\u00f3n Espa\u00f1ola de Voleibol de Arbitros - Daen Sport\" \/>\n<meta property=\"og:description\" content=\"Toda la colecci\u00f3n de art\u00edculos de Arbitros RFEVB aqu\u00ed\" \/>\n<meta property=\"og:url\" content=\"https:\/\/daensport.com\/en\/producto\/rfevb-anorak-oficial-de-la-real-federacion-espanola-de-voleibol-de-arbitros\/\" \/>\n<meta property=\"og:site_name\" content=\"Daen Sport\" \/>\n<meta property=\"article:publisher\" content=\"https:\/\/www.facebook.com\/pages\/Daen-Sport\" \/>\n<meta property=\"article:modified_time\" content=\"2026-01-12T19:36:53+00:00\" \/>\n<meta property=\"og:image\" content=\"https:\/\/daensport.com\/wp-content\/uploads\/2022\/11\/Pagina-Web-Producto-884x1200-1.png\" \/>\n\t<meta property=\"og:image:width\" content=\"884\" \/>\n\t<meta property=\"og:image:height\" content=\"1200\" \/>\n\t<meta property=\"og:image:type\" content=\"image\/png\" \/>\n<meta name=\"twitter:card\" content=\"summary_large_image\" \/>\n<meta name=\"twitter:label1\" content=\"Est. reading time\" \/>\n\t<meta name=\"twitter:data1\" content=\"1 minute\" \/>\n<script type=\"application\/ld+json\" class=\"yoast-schema-graph\">{\"@context\":\"https:\\\/\\\/schema.org\",\"@graph\":[{\"@type\":\"WebPage\",\"@id\":\"https:\\\/\\\/daensport.com\\\/en\\\/producto\\\/rfevb-anorak-oficial-de-la-real-federacion-espanola-de-voleibol-de-arbitros\\\/\",\"url\":\"https:\\\/\\\/daensport.com\\\/en\\\/producto\\\/rfevb-anorak-oficial-de-la-real-federacion-espanola-de-voleibol-de-arbitros\\\/\",\"name\":\"RFEVB 4 Anorak Oficial del CTNA de la Real Federaci\u00f3n Espa\u00f1ola de Voleibol de Arbitros - Daen Sport\",\"isPartOf\":{\"@id\":\"https:\\\/\\\/daensport.com\\\/en\\\/#website\"},\"primaryImageOfPage\":{\"@id\":\"https:\\\/\\\/daensport.com\\\/en\\\/producto\\\/rfevb-anorak-oficial-de-la-real-federacion-espanola-de-voleibol-de-arbitros\\\/#primaryimage\"},\"image\":{\"@id\":\"https:\\\/\\\/daensport.com\\\/en\\\/producto\\\/rfevb-anorak-oficial-de-la-real-federacion-espanola-de-voleibol-de-arbitros\\\/#primaryimage\"},\"thumbnailUrl\":\"https:\\\/\\\/daensport.com\\\/wp-content\\\/uploads\\\/2022\\\/11\\\/Pagina-Web-Producto-884x1200-1.png\",\"datePublished\":\"2022-11-24T16:05:40+00:00\",\"dateModified\":\"2026-01-12T19:36:53+00:00\",\"breadcrumb\":{\"@id\":\"https:\\\/\\\/daensport.com\\\/en\\\/producto\\\/rfevb-anorak-oficial-de-la-real-federacion-espanola-de-voleibol-de-arbitros\\\/#breadcrumb\"},\"inLanguage\":\"en-US\",\"potentialAction\":[{\"@type\":\"ReadAction\",\"target\":[\"https:\\\/\\\/daensport.com\\\/en\\\/producto\\\/rfevb-anorak-oficial-de-la-real-federacion-espanola-de-voleibol-de-arbitros\\\/\"]}]},{\"@type\":\"ImageObject\",\"inLanguage\":\"en-US\",\"@id\":\"https:\\\/\\\/daensport.com\\\/en\\\/producto\\\/rfevb-anorak-oficial-de-la-real-federacion-espanola-de-voleibol-de-arbitros\\\/#primaryimage\",\"url\":\"https:\\\/\\\/daensport.com\\\/wp-content\\\/uploads\\\/2022\\\/11\\\/Pagina-Web-Producto-884x1200-1.png\",\"contentUrl\":\"https:\\\/\\\/daensport.com\\\/wp-content\\\/uploads\\\/2022\\\/11\\\/Pagina-Web-Producto-884x1200-1.png\",\"width\":884,\"height\":1200},{\"@type\":\"BreadcrumbList\",\"@id\":\"https:\\\/\\\/daensport.com\\\/en\\\/producto\\\/rfevb-anorak-oficial-de-la-real-federacion-espanola-de-voleibol-de-arbitros\\\/#breadcrumb\",\"itemListElement\":[{\"@type\":\"ListItem\",\"position\":1,\"name\":\"Homepage\",\"item\":\"https:\\\/\\\/daensport.com\\\/en\\\/\"},{\"@type\":\"ListItem\",\"position\":2,\"name\":\"Store\",\"item\":\"https:\\\/\\\/daensport.com\\\/en\\\/store\\\/\"},{\"@type\":\"ListItem\",\"position\":3,\"name\":\"RFEVB 4 Anorak Oficial del CTNA de la Real Federaci\u00f3n Espa\u00f1ola de Voleibol de Arbitros\"}]},{\"@type\":\"WebSite\",\"@id\":\"https:\\\/\\\/daensport.com\\\/en\\\/#website\",\"url\":\"https:\\\/\\\/daensport.com\\\/en\\\/\",\"name\":\"Daen Sport\",\"description\":\"Fabricamos tu ropa personalizada y exclusiva. 100% Made in Spain.\",\"publisher\":{\"@id\":\"https:\\\/\\\/daensport.com\\\/en\\\/#organization\"},\"potentialAction\":[{\"@type\":\"SearchAction\",\"target\":{\"@type\":\"EntryPoint\",\"urlTemplate\":\"https:\\\/\\\/daensport.com\\\/en\\\/?s={search_term_string}\"},\"query-input\":{\"@type\":\"PropertyValueSpecification\",\"valueRequired\":true,\"valueName\":\"search_term_string\"}}],\"inLanguage\":\"en-US\"},{\"@type\":\"Organization\",\"@id\":\"https:\\\/\\\/daensport.com\\\/en\\\/#organization\",\"name\":\"Daen Sport\",\"url\":\"https:\\\/\\\/daensport.com\\\/en\\\/\",\"logo\":{\"@type\":\"ImageObject\",\"inLanguage\":\"en-US\",\"@id\":\"https:\\\/\\\/daensport.com\\\/en\\\/#\\\/schema\\\/logo\\\/image\\\/\",\"url\":\"https:\\\/\\\/daensport.com\\\/wp-content\\\/uploads\\\/2021\\\/08\\\/favicon.png\",\"contentUrl\":\"https:\\\/\\\/daensport.com\\\/wp-content\\\/uploads\\\/2021\\\/08\\\/favicon.png\",\"width\":42,\"height\":42,\"caption\":\"Daen Sport\"},\"image\":{\"@id\":\"https:\\\/\\\/daensport.com\\\/en\\\/#\\\/schema\\\/logo\\\/image\\\/\"},\"sameAs\":[\"https:\\\/\\\/www.facebook.com\\\/pages\\\/Daen-Sport\",\"https:\\\/\\\/www.instagram.com\\\/daensport\"]}]}<\/script>\n<!-- \/ Yoast SEO plugin. -->","yoast_head_json":{"title":"RFEVB 4 Anorak Oficial del CTNA de la Real Federaci\u00f3n Espa\u00f1ola de Voleibol de Arbitros - Daen Sport","robots":{"index":"index","follow":"follow","max-snippet":"max-snippet:-1","max-image-preview":"max-image-preview:large","max-video-preview":"max-video-preview:-1"},"canonical":"https:\/\/daensport.com\/en\/producto\/rfevb-anorak-oficial-de-la-real-federacion-espanola-de-voleibol-de-arbitros\/","og_locale":"en_US","og_type":"article","og_title":"RFEVB 4 Anorak Oficial del CTNA de la Real Federaci\u00f3n Espa\u00f1ola de Voleibol de Arbitros - Daen Sport","og_description":"Toda la colecci\u00f3n de art\u00edculos de Arbitros RFEVB aqu\u00ed","og_url":"https:\/\/daensport.com\/en\/producto\/rfevb-anorak-oficial-de-la-real-federacion-espanola-de-voleibol-de-arbitros\/","og_site_name":"Daen Sport","article_publisher":"https:\/\/www.facebook.com\/pages\/Daen-Sport","article_modified_time":"2026-01-12T19:36:53+00:00","og_image":[{"width":884,"height":1200,"url":"https:\/\/daensport.com\/wp-content\/uploads\/2022\/11\/Pagina-Web-Producto-884x1200-1.png","type":"image\/png"}],"twitter_card":"summary_large_image","twitter_misc":{"Est. reading time":"1 minute"},"schema":{"@context":"https:\/\/schema.org","@graph":[{"@type":"WebPage","@id":"https:\/\/daensport.com\/en\/producto\/rfevb-anorak-oficial-de-la-real-federacion-espanola-de-voleibol-de-arbitros\/","url":"https:\/\/daensport.com\/en\/producto\/rfevb-anorak-oficial-de-la-real-federacion-espanola-de-voleibol-de-arbitros\/","name":"RFEVB 4 Anorak Oficial del CTNA de la Real Federaci\u00f3n Espa\u00f1ola de Voleibol de Arbitros - Daen Sport","isPartOf":{"@id":"https:\/\/daensport.com\/en\/#website"},"primaryImageOfPage":{"@id":"https:\/\/daensport.com\/en\/producto\/rfevb-anorak-oficial-de-la-real-federacion-espanola-de-voleibol-de-arbitros\/#primaryimage"},"image":{"@id":"https:\/\/daensport.com\/en\/producto\/rfevb-anorak-oficial-de-la-real-federacion-espanola-de-voleibol-de-arbitros\/#primaryimage"},"thumbnailUrl":"https:\/\/daensport.com\/wp-content\/uploads\/2022\/11\/Pagina-Web-Producto-884x1200-1.png","datePublished":"2022-11-24T16:05:40+00:00","dateModified":"2026-01-12T19:36:53+00:00","breadcrumb":{"@id":"https:\/\/daensport.com\/en\/producto\/rfevb-anorak-oficial-de-la-real-federacion-espanola-de-voleibol-de-arbitros\/#breadcrumb"},"inLanguage":"en-US","potentialAction":[{"@type":"ReadAction","target":["https:\/\/daensport.com\/en\/producto\/rfevb-anorak-oficial-de-la-real-federacion-espanola-de-voleibol-de-arbitros\/"]}]},{"@type":"ImageObject","inLanguage":"en-US","@id":"https:\/\/daensport.com\/en\/producto\/rfevb-anorak-oficial-de-la-real-federacion-espanola-de-voleibol-de-arbitros\/#primaryimage","url":"https:\/\/daensport.com\/wp-content\/uploads\/2022\/11\/Pagina-Web-Producto-884x1200-1.png","contentUrl":"https:\/\/daensport.com\/wp-content\/uploads\/2022\/11\/Pagina-Web-Producto-884x1200-1.png","width":884,"height":1200},{"@type":"BreadcrumbList","@id":"https:\/\/daensport.com\/en\/producto\/rfevb-anorak-oficial-de-la-real-federacion-espanola-de-voleibol-de-arbitros\/#breadcrumb","itemListElement":[{"@type":"ListItem","position":1,"name":"Homepage","item":"https:\/\/daensport.com\/en\/"},{"@type":"ListItem","position":2,"name":"Store","item":"https:\/\/daensport.com\/en\/store\/"},{"@type":"ListItem","position":3,"name":"RFEVB 4 Anorak Oficial del CTNA de la Real Federaci\u00f3n Espa\u00f1ola de Voleibol de Arbitros"}]},{"@type":"WebSite","@id":"https:\/\/daensport.com\/en\/#website","url":"https:\/\/daensport.com\/en\/","name":"Daen Sport","description":"Fabricamos tu ropa personalizada y exclusiva. 100% Made in Spain.","publisher":{"@id":"https:\/\/daensport.com\/en\/#organization"},"potentialAction":[{"@type":"SearchAction","target":{"@type":"EntryPoint","urlTemplate":"https:\/\/daensport.com\/en\/?s={search_term_string}"},"query-input":{"@type":"PropertyValueSpecification","valueRequired":true,"valueName":"search_term_string"}}],"inLanguage":"en-US"},{"@type":"Organization","@id":"https:\/\/daensport.com\/en\/#organization","name":"Daen Sport","url":"https:\/\/daensport.com\/en\/","logo":{"@type":"ImageObject","inLanguage":"en-US","@id":"https:\/\/daensport.com\/en\/#\/schema\/logo\/image\/","url":"https:\/\/daensport.com\/wp-content\/uploads\/2021\/08\/favicon.png","contentUrl":"https:\/\/daensport.com\/wp-content\/uploads\/2021\/08\/favicon.png","width":42,"height":42,"caption":"Daen Sport"},"image":{"@id":"https:\/\/daensport.com\/en\/#\/schema\/logo\/image\/"},"sameAs":["https:\/\/www.facebook.com\/pages\/Daen-Sport","https:\/\/www.instagram.com\/daensport"]}]}},"_links":{"self":[{"href":"https:\/\/daensport.com\/en\/wp-json\/wp\/v2\/product\/2039","targetHints":{"allow":["GET"]}}],"collection":[{"href":"https:\/\/daensport.com\/en\/wp-json\/wp\/v2\/product"}],"about":[{"href":"https:\/\/daensport.com\/en\/wp-json\/wp\/v2\/types\/product"}],"wp:featuredmedia":[{"embeddable":true,"href":"https:\/\/daensport.com\/en\/wp-json\/wp\/v2\/media\/2031"}],"wp:attachment":[{"href":"https:\/\/daensport.com\/en\/wp-json\/wp\/v2\/media?parent=2039"}],"wp:term":[{"taxonomy":"product_brand","embeddable":true,"href":"https:\/\/daensport.com\/en\/wp-json\/wp\/v2\/product_brand?post=2039"},{"taxonomy":"product_cat","embeddable":true,"href":"https:\/\/daensport.com\/en\/wp-json\/wp\/v2\/product_cat?post=2039"},{"taxonomy":"product_tag","embeddable":true,"href":"https:\/\/daensport.com\/en\/wp-json\/wp\/v2\/product_tag?post=2039"}],"curies":[{"name":"wp","href":"https:\/\/api.w.org\/{rel}","templated":true}]}}