{"id":1429,"date":"2022-05-17T16:08:53","date_gmt":"2022-05-17T16:08:53","guid":{"rendered":"https:\/\/daensport.com\/?post_type=product&#038;p=1429"},"modified":"2024-08-22T14:33:47","modified_gmt":"2024-08-22T14:33:47","slug":"camiseta-casual-oficial-pedro-moreno-algodon-2022","status":"publish","type":"product","link":"https:\/\/daensport.com\/en\/producto\/camiseta-casual-oficial-pedro-moreno-algodon-2022\/","title":{"rendered":"Camiseta Oficial Pedro Moreno Algod\u00f3n Transfer 2022"},"content":{"rendered":"<h3>Camiseta Oficial Pedro Moreno FMX algod\u00f3n 2022<\/h3>\n<p>Esta es una prenda realizada en materiales de alta calidad y con tejido de algod\u00f3n.<\/p>\n<p>Disponible en varios colores.<\/p>\n<h3>Dise\u00f1o<\/h3>\n<p>El dise\u00f1o est\u00e1 basado en la ropa oficial del piloto Pedro Moreno FMX, que compite en el Campeonato de Espa\u00f1a de FreeStyle Motocross.<\/p>\n","protected":false},"excerpt":{"rendered":"<p>Camiseta Oficial Pedro Moreno FMX algod\u00f3n 2022 Esta es una prenda realizada en materiales de alta calidad y con tejido &hellip; <a href=\"https:\/\/daensport.com\/en\/producto\/camiseta-casual-oficial-pedro-moreno-algodon-2022\/\" class=\"more-link\">Continue reading <span class=\"screen-reader-text\">Camiseta Oficial Pedro Moreno Algod\u00f3n Transfer 2022<\/span><\/a><\/p>\n","protected":false},"featured_media":1692,"template":"","meta":{"_acf_changed":false},"product_brand":[],"product_cat":[49,17,28,37],"product_tag":[78,84,83,81],"class_list":{"0":"post-1429","1":"product","2":"type-product","3":"status-publish","4":"has-post-thumbnail","6":"product_cat-freestyle-mx-1","7":"product_cat-motor-1","8":"product_cat-x-casual-1","9":"product_cat-x-merchandising-1","10":"product_tag-camiseta","11":"product_tag-fmx","12":"product_tag-pedro-moreno","13":"product_tag-transfer","14":"product_shipping_class-bag-1kg","16":"first","17":"instock","18":"taxable","19":"shipping-taxable","20":"purchasable","21":"product-type-variable","22":"has-default-attributes"},"acf":[],"yoast_head":"<!-- This site is optimized with the Yoast SEO plugin v27.4 - https:\/\/yoast.com\/product\/yoast-seo-wordpress\/ -->\n<title>Camiseta Oficial Pedro Moreno Algod\u00f3n Transfer 2022 - Daen Sport<\/title>\n<meta name=\"robots\" content=\"index, follow, max-snippet:-1, max-image-preview:large, max-video-preview:-1\" \/>\n<link rel=\"canonical\" href=\"https:\/\/daensport.com\/en\/producto\/camiseta-casual-oficial-pedro-moreno-algodon-2022\/\" \/>\n<meta property=\"og:locale\" content=\"en_US\" \/>\n<meta property=\"og:type\" content=\"article\" \/>\n<meta property=\"og:title\" content=\"Camiseta Oficial Pedro Moreno Algod\u00f3n Transfer 2022 - Daen Sport\" \/>\n<meta property=\"og:description\" content=\"Camiseta Oficial Pedro Moreno FMX algod\u00f3n 2022 Esta es una prenda realizada en materiales de alta calidad y con tejido &hellip; Continue reading Camiseta Oficial Pedro Moreno Algod\u00f3n Transfer 2022\" \/>\n<meta property=\"og:url\" content=\"https:\/\/daensport.com\/en\/producto\/camiseta-casual-oficial-pedro-moreno-algodon-2022\/\" \/>\n<meta property=\"og:site_name\" content=\"Daen Sport\" \/>\n<meta property=\"article:publisher\" content=\"https:\/\/www.facebook.com\/pages\/Daen-Sport\" \/>\n<meta property=\"article:modified_time\" content=\"2024-08-22T14:33:47+00:00\" \/>\n<meta property=\"og:image\" content=\"https:\/\/daensport.com\/wp-content\/uploads\/2022\/05\/Camiseta-MC-Algodon-Marino-2021-1.jpg\" \/>\n\t<meta property=\"og:image:width\" content=\"884\" \/>\n\t<meta property=\"og:image:height\" content=\"1200\" \/>\n\t<meta property=\"og:image:type\" content=\"image\/jpeg\" \/>\n<meta name=\"twitter:card\" content=\"summary_large_image\" \/>\n<meta name=\"twitter:label1\" content=\"Est. reading time\" \/>\n\t<meta name=\"twitter:data1\" content=\"1 minute\" \/>\n<script type=\"application\/ld+json\" class=\"yoast-schema-graph\">{\"@context\":\"https:\\\/\\\/schema.org\",\"@graph\":[{\"@type\":\"WebPage\",\"@id\":\"https:\\\/\\\/daensport.com\\\/en\\\/producto\\\/camiseta-casual-oficial-pedro-moreno-algodon-2022\\\/\",\"url\":\"https:\\\/\\\/daensport.com\\\/en\\\/producto\\\/camiseta-casual-oficial-pedro-moreno-algodon-2022\\\/\",\"name\":\"Camiseta Oficial Pedro Moreno Algod\u00f3n Transfer 2022 - Daen Sport\",\"isPartOf\":{\"@id\":\"https:\\\/\\\/daensport.com\\\/en\\\/#website\"},\"primaryImageOfPage\":{\"@id\":\"https:\\\/\\\/daensport.com\\\/en\\\/producto\\\/camiseta-casual-oficial-pedro-moreno-algodon-2022\\\/#primaryimage\"},\"image\":{\"@id\":\"https:\\\/\\\/daensport.com\\\/en\\\/producto\\\/camiseta-casual-oficial-pedro-moreno-algodon-2022\\\/#primaryimage\"},\"thumbnailUrl\":\"https:\\\/\\\/daensport.com\\\/wp-content\\\/uploads\\\/2022\\\/05\\\/Camiseta-MC-Algodon-Marino-2021-1.jpg\",\"datePublished\":\"2022-05-17T16:08:53+00:00\",\"dateModified\":\"2024-08-22T14:33:47+00:00\",\"breadcrumb\":{\"@id\":\"https:\\\/\\\/daensport.com\\\/en\\\/producto\\\/camiseta-casual-oficial-pedro-moreno-algodon-2022\\\/#breadcrumb\"},\"inLanguage\":\"en-US\",\"potentialAction\":[{\"@type\":\"ReadAction\",\"target\":[\"https:\\\/\\\/daensport.com\\\/en\\\/producto\\\/camiseta-casual-oficial-pedro-moreno-algodon-2022\\\/\"]}]},{\"@type\":\"ImageObject\",\"inLanguage\":\"en-US\",\"@id\":\"https:\\\/\\\/daensport.com\\\/en\\\/producto\\\/camiseta-casual-oficial-pedro-moreno-algodon-2022\\\/#primaryimage\",\"url\":\"https:\\\/\\\/daensport.com\\\/wp-content\\\/uploads\\\/2022\\\/05\\\/Camiseta-MC-Algodon-Marino-2021-1.jpg\",\"contentUrl\":\"https:\\\/\\\/daensport.com\\\/wp-content\\\/uploads\\\/2022\\\/05\\\/Camiseta-MC-Algodon-Marino-2021-1.jpg\",\"width\":884,\"height\":1200},{\"@type\":\"BreadcrumbList\",\"@id\":\"https:\\\/\\\/daensport.com\\\/en\\\/producto\\\/camiseta-casual-oficial-pedro-moreno-algodon-2022\\\/#breadcrumb\",\"itemListElement\":[{\"@type\":\"ListItem\",\"position\":1,\"name\":\"Homepage\",\"item\":\"https:\\\/\\\/daensport.com\\\/en\\\/\"},{\"@type\":\"ListItem\",\"position\":2,\"name\":\"Store\",\"item\":\"https:\\\/\\\/daensport.com\\\/en\\\/store\\\/\"},{\"@type\":\"ListItem\",\"position\":3,\"name\":\"Camiseta Oficial Pedro Moreno Algod\u00f3n Transfer 2022\"}]},{\"@type\":\"WebSite\",\"@id\":\"https:\\\/\\\/daensport.com\\\/en\\\/#website\",\"url\":\"https:\\\/\\\/daensport.com\\\/en\\\/\",\"name\":\"Daen Sport\",\"description\":\"Fabricamos tu ropa personalizada y exclusiva. 100% Made in Spain.\",\"publisher\":{\"@id\":\"https:\\\/\\\/daensport.com\\\/en\\\/#organization\"},\"potentialAction\":[{\"@type\":\"SearchAction\",\"target\":{\"@type\":\"EntryPoint\",\"urlTemplate\":\"https:\\\/\\\/daensport.com\\\/en\\\/?s={search_term_string}\"},\"query-input\":{\"@type\":\"PropertyValueSpecification\",\"valueRequired\":true,\"valueName\":\"search_term_string\"}}],\"inLanguage\":\"en-US\"},{\"@type\":\"Organization\",\"@id\":\"https:\\\/\\\/daensport.com\\\/en\\\/#organization\",\"name\":\"Daen Sport\",\"url\":\"https:\\\/\\\/daensport.com\\\/en\\\/\",\"logo\":{\"@type\":\"ImageObject\",\"inLanguage\":\"en-US\",\"@id\":\"https:\\\/\\\/daensport.com\\\/en\\\/#\\\/schema\\\/logo\\\/image\\\/\",\"url\":\"https:\\\/\\\/daensport.com\\\/wp-content\\\/uploads\\\/2021\\\/08\\\/favicon.png\",\"contentUrl\":\"https:\\\/\\\/daensport.com\\\/wp-content\\\/uploads\\\/2021\\\/08\\\/favicon.png\",\"width\":42,\"height\":42,\"caption\":\"Daen Sport\"},\"image\":{\"@id\":\"https:\\\/\\\/daensport.com\\\/en\\\/#\\\/schema\\\/logo\\\/image\\\/\"},\"sameAs\":[\"https:\\\/\\\/www.facebook.com\\\/pages\\\/Daen-Sport\",\"https:\\\/\\\/www.instagram.com\\\/daensport\"]}]}<\/script>\n<!-- \/ Yoast SEO plugin. -->","yoast_head_json":{"title":"Camiseta Oficial Pedro Moreno Algod\u00f3n Transfer 2022 - Daen Sport","robots":{"index":"index","follow":"follow","max-snippet":"max-snippet:-1","max-image-preview":"max-image-preview:large","max-video-preview":"max-video-preview:-1"},"canonical":"https:\/\/daensport.com\/en\/producto\/camiseta-casual-oficial-pedro-moreno-algodon-2022\/","og_locale":"en_US","og_type":"article","og_title":"Camiseta Oficial Pedro Moreno Algod\u00f3n Transfer 2022 - Daen Sport","og_description":"Camiseta Oficial Pedro Moreno FMX algod\u00f3n 2022 Esta es una prenda realizada en materiales de alta calidad y con tejido &hellip; Continue reading Camiseta Oficial Pedro Moreno Algod\u00f3n Transfer 2022","og_url":"https:\/\/daensport.com\/en\/producto\/camiseta-casual-oficial-pedro-moreno-algodon-2022\/","og_site_name":"Daen Sport","article_publisher":"https:\/\/www.facebook.com\/pages\/Daen-Sport","article_modified_time":"2024-08-22T14:33:47+00:00","og_image":[{"width":884,"height":1200,"url":"https:\/\/daensport.com\/wp-content\/uploads\/2022\/05\/Camiseta-MC-Algodon-Marino-2021-1.jpg","type":"image\/jpeg"}],"twitter_card":"summary_large_image","twitter_misc":{"Est. reading time":"1 minute"},"schema":{"@context":"https:\/\/schema.org","@graph":[{"@type":"WebPage","@id":"https:\/\/daensport.com\/en\/producto\/camiseta-casual-oficial-pedro-moreno-algodon-2022\/","url":"https:\/\/daensport.com\/en\/producto\/camiseta-casual-oficial-pedro-moreno-algodon-2022\/","name":"Camiseta Oficial Pedro Moreno Algod\u00f3n Transfer 2022 - Daen Sport","isPartOf":{"@id":"https:\/\/daensport.com\/en\/#website"},"primaryImageOfPage":{"@id":"https:\/\/daensport.com\/en\/producto\/camiseta-casual-oficial-pedro-moreno-algodon-2022\/#primaryimage"},"image":{"@id":"https:\/\/daensport.com\/en\/producto\/camiseta-casual-oficial-pedro-moreno-algodon-2022\/#primaryimage"},"thumbnailUrl":"https:\/\/daensport.com\/wp-content\/uploads\/2022\/05\/Camiseta-MC-Algodon-Marino-2021-1.jpg","datePublished":"2022-05-17T16:08:53+00:00","dateModified":"2024-08-22T14:33:47+00:00","breadcrumb":{"@id":"https:\/\/daensport.com\/en\/producto\/camiseta-casual-oficial-pedro-moreno-algodon-2022\/#breadcrumb"},"inLanguage":"en-US","potentialAction":[{"@type":"ReadAction","target":["https:\/\/daensport.com\/en\/producto\/camiseta-casual-oficial-pedro-moreno-algodon-2022\/"]}]},{"@type":"ImageObject","inLanguage":"en-US","@id":"https:\/\/daensport.com\/en\/producto\/camiseta-casual-oficial-pedro-moreno-algodon-2022\/#primaryimage","url":"https:\/\/daensport.com\/wp-content\/uploads\/2022\/05\/Camiseta-MC-Algodon-Marino-2021-1.jpg","contentUrl":"https:\/\/daensport.com\/wp-content\/uploads\/2022\/05\/Camiseta-MC-Algodon-Marino-2021-1.jpg","width":884,"height":1200},{"@type":"BreadcrumbList","@id":"https:\/\/daensport.com\/en\/producto\/camiseta-casual-oficial-pedro-moreno-algodon-2022\/#breadcrumb","itemListElement":[{"@type":"ListItem","position":1,"name":"Homepage","item":"https:\/\/daensport.com\/en\/"},{"@type":"ListItem","position":2,"name":"Store","item":"https:\/\/daensport.com\/en\/store\/"},{"@type":"ListItem","position":3,"name":"Camiseta Oficial Pedro Moreno Algod\u00f3n Transfer 2022"}]},{"@type":"WebSite","@id":"https:\/\/daensport.com\/en\/#website","url":"https:\/\/daensport.com\/en\/","name":"Daen Sport","description":"Fabricamos tu ropa personalizada y exclusiva. 100% Made in Spain.","publisher":{"@id":"https:\/\/daensport.com\/en\/#organization"},"potentialAction":[{"@type":"SearchAction","target":{"@type":"EntryPoint","urlTemplate":"https:\/\/daensport.com\/en\/?s={search_term_string}"},"query-input":{"@type":"PropertyValueSpecification","valueRequired":true,"valueName":"search_term_string"}}],"inLanguage":"en-US"},{"@type":"Organization","@id":"https:\/\/daensport.com\/en\/#organization","name":"Daen Sport","url":"https:\/\/daensport.com\/en\/","logo":{"@type":"ImageObject","inLanguage":"en-US","@id":"https:\/\/daensport.com\/en\/#\/schema\/logo\/image\/","url":"https:\/\/daensport.com\/wp-content\/uploads\/2021\/08\/favicon.png","contentUrl":"https:\/\/daensport.com\/wp-content\/uploads\/2021\/08\/favicon.png","width":42,"height":42,"caption":"Daen Sport"},"image":{"@id":"https:\/\/daensport.com\/en\/#\/schema\/logo\/image\/"},"sameAs":["https:\/\/www.facebook.com\/pages\/Daen-Sport","https:\/\/www.instagram.com\/daensport"]}]}},"_links":{"self":[{"href":"https:\/\/daensport.com\/en\/wp-json\/wp\/v2\/product\/1429","targetHints":{"allow":["GET"]}}],"collection":[{"href":"https:\/\/daensport.com\/en\/wp-json\/wp\/v2\/product"}],"about":[{"href":"https:\/\/daensport.com\/en\/wp-json\/wp\/v2\/types\/product"}],"wp:featuredmedia":[{"embeddable":true,"href":"https:\/\/daensport.com\/en\/wp-json\/wp\/v2\/media\/1692"}],"wp:attachment":[{"href":"https:\/\/daensport.com\/en\/wp-json\/wp\/v2\/media?parent=1429"}],"wp:term":[{"taxonomy":"product_brand","embeddable":true,"href":"https:\/\/daensport.com\/en\/wp-json\/wp\/v2\/product_brand?post=1429"},{"taxonomy":"product_cat","embeddable":true,"href":"https:\/\/daensport.com\/en\/wp-json\/wp\/v2\/product_cat?post=1429"},{"taxonomy":"product_tag","embeddable":true,"href":"https:\/\/daensport.com\/en\/wp-json\/wp\/v2\/product_tag?post=1429"}],"curies":[{"name":"wp","href":"https:\/\/api.w.org\/{rel}","templated":true}]}}