{"id":3618,"date":"2021-09-08T20:54:15","date_gmt":"2021-09-08T20:54:15","guid":{"rendered":"https:\/\/daensport.com\/home\/"},"modified":"2024-09-17T13:07:33","modified_gmt":"2024-09-17T13:07:33","slug":"home","status":"publish","type":"page","link":"https:\/\/daensport.com\/en\/","title":{"rendered":"Home"},"content":{"rendered":"<h2><strong>All-Terrain Professionalism<\/strong><\/h2>\n<p>We adapt to all types of fabrics and needs.<br \/>\nFrom sublimation to embroidery.<\/p>\n","protected":false},"excerpt":{"rendered":"<p>All-Terrain Professionalism We adapt to all types of fabrics and needs. From sublimation to embroidery.<\/p>\n","protected":false},"author":3,"featured_media":3301,"parent":0,"menu_order":0,"comment_status":"closed","ping_status":"closed","template":"page-home.php","meta":{"_acf_changed":false,"footnotes":""},"class_list":["post-3618","page","type-page","status-publish","has-post-thumbnail","hentry"],"acf":[],"yoast_head":"<!-- This site is optimized with the Yoast SEO plugin v27.3 - https:\/\/yoast.com\/product\/yoast-seo-wordpress\/ -->\n<title>Daen Sport - Fabricamos equipaciones deportivas personalizadas<\/title>\n<meta name=\"description\" content=\"Nuestra pasi\u00f3n y dedicaci\u00f3n por el deporte nos ha llevado a ser lideres de dise\u00f1o y confecci\u00f3n de ropa deportiva para todo tipo de deportes.\" \/>\n<meta name=\"robots\" content=\"index, follow, max-snippet:-1, max-image-preview:large, max-video-preview:-1\" \/>\n<link rel=\"canonical\" href=\"https:\/\/daensport.com\/en\/\" \/>\n<meta property=\"og:locale\" content=\"en_US\" \/>\n<meta property=\"og:type\" content=\"article\" \/>\n<meta property=\"og:title\" content=\"Daen Sport - Fabricamos equipaciones deportivas personalizadas\" \/>\n<meta property=\"og:description\" content=\"Nuestra pasi\u00f3n y dedicaci\u00f3n por el deporte nos ha llevado a ser lideres de dise\u00f1o y confecci\u00f3n de ropa deportiva para todo tipo de deportes.\" \/>\n<meta property=\"og:url\" content=\"https:\/\/daensport.com\/en\/\" \/>\n<meta property=\"og:site_name\" content=\"Daen Sport\" \/>\n<meta property=\"article:publisher\" content=\"https:\/\/www.facebook.com\/pages\/Daen-Sport\" \/>\n<meta property=\"article:modified_time\" content=\"2024-09-17T13:07:33+00:00\" \/>\n<meta property=\"og:image\" content=\"https:\/\/daensport.com\/wp-content\/uploads\/2022\/04\/IMG_20220418_141922_854.jpg\" \/>\n\t<meta property=\"og:image:width\" content=\"2400\" \/>\n\t<meta property=\"og:image:height\" content=\"1066\" \/>\n\t<meta property=\"og:image:type\" content=\"image\/jpeg\" \/>\n<meta name=\"twitter:card\" content=\"summary_large_image\" \/>\n<meta name=\"twitter:title\" content=\"Daen Sport - Fabricamos equipaciones deportivas personalizadas\" \/>\n<meta name=\"twitter:description\" content=\"Nuestra pasi\u00f3n y dedicaci\u00f3n por el deporte nos ha llevado a ser lideres de dise\u00f1o y confecci\u00f3n de ropa deportiva para todo tipo de deportes.\" \/>\n<meta name=\"twitter:label1\" content=\"Est. reading time\" \/>\n\t<meta name=\"twitter:data1\" content=\"1 minute\" \/>\n<script type=\"application\/ld+json\" class=\"yoast-schema-graph\">{\"@context\":\"https:\\\/\\\/schema.org\",\"@graph\":[{\"@type\":\"WebPage\",\"@id\":\"https:\\\/\\\/daensport.com\\\/en\\\/\",\"url\":\"https:\\\/\\\/daensport.com\\\/en\\\/\",\"name\":\"Daen Sport - Fabricamos equipaciones deportivas personalizadas\",\"isPartOf\":{\"@id\":\"https:\\\/\\\/daensport.com\\\/en\\\/#website\"},\"primaryImageOfPage\":{\"@id\":\"https:\\\/\\\/daensport.com\\\/en\\\/#primaryimage\"},\"image\":{\"@id\":\"https:\\\/\\\/daensport.com\\\/en\\\/#primaryimage\"},\"thumbnailUrl\":\"https:\\\/\\\/daensport.com\\\/wp-content\\\/uploads\\\/2022\\\/04\\\/IMG_20220418_141922_854.jpg\",\"datePublished\":\"2021-09-08T20:54:15+00:00\",\"dateModified\":\"2024-09-17T13:07:33+00:00\",\"description\":\"Nuestra pasi\u00f3n y dedicaci\u00f3n por el deporte nos ha llevado a ser lideres de dise\u00f1o y confecci\u00f3n de ropa deportiva para todo tipo de deportes.\",\"breadcrumb\":{\"@id\":\"https:\\\/\\\/daensport.com\\\/en\\\/#breadcrumb\"},\"inLanguage\":\"en-US\",\"potentialAction\":[{\"@type\":\"ReadAction\",\"target\":[\"https:\\\/\\\/daensport.com\\\/en\\\/\"]}]},{\"@type\":\"ImageObject\",\"inLanguage\":\"en-US\",\"@id\":\"https:\\\/\\\/daensport.com\\\/en\\\/#primaryimage\",\"url\":\"https:\\\/\\\/daensport.com\\\/wp-content\\\/uploads\\\/2022\\\/04\\\/IMG_20220418_141922_854.jpg\",\"contentUrl\":\"https:\\\/\\\/daensport.com\\\/wp-content\\\/uploads\\\/2022\\\/04\\\/IMG_20220418_141922_854.jpg\",\"width\":2400,\"height\":1066},{\"@type\":\"BreadcrumbList\",\"@id\":\"https:\\\/\\\/daensport.com\\\/en\\\/#breadcrumb\",\"itemListElement\":[{\"@type\":\"ListItem\",\"position\":1,\"name\":\"Homepage\",\"item\":\"https:\\\/\\\/daensport.com\\\/en\\\/\"},{\"@type\":\"ListItem\",\"position\":2,\"name\":\"Home\"}]},{\"@type\":\"WebSite\",\"@id\":\"https:\\\/\\\/daensport.com\\\/en\\\/#website\",\"url\":\"https:\\\/\\\/daensport.com\\\/en\\\/\",\"name\":\"Daen Sport\",\"description\":\"Fabricamos tu ropa personalizada y exclusiva. 100% Made in Spain.\",\"publisher\":{\"@id\":\"https:\\\/\\\/daensport.com\\\/en\\\/#organization\"},\"potentialAction\":[{\"@type\":\"SearchAction\",\"target\":{\"@type\":\"EntryPoint\",\"urlTemplate\":\"https:\\\/\\\/daensport.com\\\/en\\\/?s={search_term_string}\"},\"query-input\":{\"@type\":\"PropertyValueSpecification\",\"valueRequired\":true,\"valueName\":\"search_term_string\"}}],\"inLanguage\":\"en-US\"},{\"@type\":\"Organization\",\"@id\":\"https:\\\/\\\/daensport.com\\\/en\\\/#organization\",\"name\":\"Daen Sport\",\"url\":\"https:\\\/\\\/daensport.com\\\/en\\\/\",\"logo\":{\"@type\":\"ImageObject\",\"inLanguage\":\"en-US\",\"@id\":\"https:\\\/\\\/daensport.com\\\/en\\\/#\\\/schema\\\/logo\\\/image\\\/\",\"url\":\"https:\\\/\\\/daensport.com\\\/wp-content\\\/uploads\\\/2021\\\/08\\\/favicon.png\",\"contentUrl\":\"https:\\\/\\\/daensport.com\\\/wp-content\\\/uploads\\\/2021\\\/08\\\/favicon.png\",\"width\":42,\"height\":42,\"caption\":\"Daen Sport\"},\"image\":{\"@id\":\"https:\\\/\\\/daensport.com\\\/en\\\/#\\\/schema\\\/logo\\\/image\\\/\"},\"sameAs\":[\"https:\\\/\\\/www.facebook.com\\\/pages\\\/Daen-Sport\",\"https:\\\/\\\/www.instagram.com\\\/daensport\"]}]}<\/script>\n<!-- \/ Yoast SEO plugin. -->","yoast_head_json":{"title":"Daen Sport - Fabricamos equipaciones deportivas personalizadas","description":"Nuestra pasi\u00f3n y dedicaci\u00f3n por el deporte nos ha llevado a ser lideres de dise\u00f1o y confecci\u00f3n de ropa deportiva para todo tipo de deportes.","robots":{"index":"index","follow":"follow","max-snippet":"max-snippet:-1","max-image-preview":"max-image-preview:large","max-video-preview":"max-video-preview:-1"},"canonical":"https:\/\/daensport.com\/en\/","og_locale":"en_US","og_type":"article","og_title":"Daen Sport - Fabricamos equipaciones deportivas personalizadas","og_description":"Nuestra pasi\u00f3n y dedicaci\u00f3n por el deporte nos ha llevado a ser lideres de dise\u00f1o y confecci\u00f3n de ropa deportiva para todo tipo de deportes.","og_url":"https:\/\/daensport.com\/en\/","og_site_name":"Daen Sport","article_publisher":"https:\/\/www.facebook.com\/pages\/Daen-Sport","article_modified_time":"2024-09-17T13:07:33+00:00","og_image":[{"width":2400,"height":1066,"url":"https:\/\/daensport.com\/wp-content\/uploads\/2022\/04\/IMG_20220418_141922_854.jpg","type":"image\/jpeg"}],"twitter_card":"summary_large_image","twitter_title":"Daen Sport - Fabricamos equipaciones deportivas personalizadas","twitter_description":"Nuestra pasi\u00f3n y dedicaci\u00f3n por el deporte nos ha llevado a ser lideres de dise\u00f1o y confecci\u00f3n de ropa deportiva para todo tipo de deportes.","twitter_misc":{"Est. reading time":"1 minute"},"schema":{"@context":"https:\/\/schema.org","@graph":[{"@type":"WebPage","@id":"https:\/\/daensport.com\/en\/","url":"https:\/\/daensport.com\/en\/","name":"Daen Sport - Fabricamos equipaciones deportivas personalizadas","isPartOf":{"@id":"https:\/\/daensport.com\/en\/#website"},"primaryImageOfPage":{"@id":"https:\/\/daensport.com\/en\/#primaryimage"},"image":{"@id":"https:\/\/daensport.com\/en\/#primaryimage"},"thumbnailUrl":"https:\/\/daensport.com\/wp-content\/uploads\/2022\/04\/IMG_20220418_141922_854.jpg","datePublished":"2021-09-08T20:54:15+00:00","dateModified":"2024-09-17T13:07:33+00:00","description":"Nuestra pasi\u00f3n y dedicaci\u00f3n por el deporte nos ha llevado a ser lideres de dise\u00f1o y confecci\u00f3n de ropa deportiva para todo tipo de deportes.","breadcrumb":{"@id":"https:\/\/daensport.com\/en\/#breadcrumb"},"inLanguage":"en-US","potentialAction":[{"@type":"ReadAction","target":["https:\/\/daensport.com\/en\/"]}]},{"@type":"ImageObject","inLanguage":"en-US","@id":"https:\/\/daensport.com\/en\/#primaryimage","url":"https:\/\/daensport.com\/wp-content\/uploads\/2022\/04\/IMG_20220418_141922_854.jpg","contentUrl":"https:\/\/daensport.com\/wp-content\/uploads\/2022\/04\/IMG_20220418_141922_854.jpg","width":2400,"height":1066},{"@type":"BreadcrumbList","@id":"https:\/\/daensport.com\/en\/#breadcrumb","itemListElement":[{"@type":"ListItem","position":1,"name":"Homepage","item":"https:\/\/daensport.com\/en\/"},{"@type":"ListItem","position":2,"name":"Home"}]},{"@type":"WebSite","@id":"https:\/\/daensport.com\/en\/#website","url":"https:\/\/daensport.com\/en\/","name":"Daen Sport","description":"Fabricamos tu ropa personalizada y exclusiva. 100% Made in Spain.","publisher":{"@id":"https:\/\/daensport.com\/en\/#organization"},"potentialAction":[{"@type":"SearchAction","target":{"@type":"EntryPoint","urlTemplate":"https:\/\/daensport.com\/en\/?s={search_term_string}"},"query-input":{"@type":"PropertyValueSpecification","valueRequired":true,"valueName":"search_term_string"}}],"inLanguage":"en-US"},{"@type":"Organization","@id":"https:\/\/daensport.com\/en\/#organization","name":"Daen Sport","url":"https:\/\/daensport.com\/en\/","logo":{"@type":"ImageObject","inLanguage":"en-US","@id":"https:\/\/daensport.com\/en\/#\/schema\/logo\/image\/","url":"https:\/\/daensport.com\/wp-content\/uploads\/2021\/08\/favicon.png","contentUrl":"https:\/\/daensport.com\/wp-content\/uploads\/2021\/08\/favicon.png","width":42,"height":42,"caption":"Daen Sport"},"image":{"@id":"https:\/\/daensport.com\/en\/#\/schema\/logo\/image\/"},"sameAs":["https:\/\/www.facebook.com\/pages\/Daen-Sport","https:\/\/www.instagram.com\/daensport"]}]}},"_links":{"self":[{"href":"https:\/\/daensport.com\/en\/wp-json\/wp\/v2\/pages\/3618","targetHints":{"allow":["GET"]}}],"collection":[{"href":"https:\/\/daensport.com\/en\/wp-json\/wp\/v2\/pages"}],"about":[{"href":"https:\/\/daensport.com\/en\/wp-json\/wp\/v2\/types\/page"}],"author":[{"embeddable":true,"href":"https:\/\/daensport.com\/en\/wp-json\/wp\/v2\/users\/3"}],"replies":[{"embeddable":true,"href":"https:\/\/daensport.com\/en\/wp-json\/wp\/v2\/comments?post=3618"}],"version-history":[{"count":5,"href":"https:\/\/daensport.com\/en\/wp-json\/wp\/v2\/pages\/3618\/revisions"}],"predecessor-version":[{"id":5743,"href":"https:\/\/daensport.com\/en\/wp-json\/wp\/v2\/pages\/3618\/revisions\/5743"}],"wp:featuredmedia":[{"embeddable":true,"href":"https:\/\/daensport.com\/en\/wp-json\/wp\/v2\/media\/3301"}],"wp:attachment":[{"href":"https:\/\/daensport.com\/en\/wp-json\/wp\/v2\/media?parent=3618"}],"curies":[{"name":"wp","href":"https:\/\/api.w.org\/{rel}","templated":true}]}}